{"id":2551,"date":"2019-05-01T20:30:03","date_gmt":"2019-05-01T18:30:03","guid":{"rendered":"http:\/\/www.arquigenia.com\/?page_id=2551"},"modified":"2019-05-01T20:45:41","modified_gmt":"2019-05-01T18:45:41","slug":"servicios-de-ingenieria","status":"publish","type":"page","link":"https:\/\/www.arquigenia.com\/index.php\/servicios-de-ingenieria\/","title":{"rendered":"Servicios de ingenier\u00eda"},"content":{"rendered":"\t\t<div data-elementor-type=\"wp-post\" data-elementor-id=\"2551\" class=\"elementor elementor-2551\" data-elementor-settings=\"[]\">\n\t\t\t\t\t\t<div class=\"elementor-inner\">\n\t\t\t\t\t\t\t<div class=\"elementor-section-wrap\">\n\t\t\t\t\t\t\t<section class=\"elementor-section elementor-top-section elementor-element elementor-element-2bcf68a elementor-section-boxed elementor-section-height-default elementor-section-height-default\" data-id=\"2bcf68a\" data-element_type=\"section\">\n\t\t\t\t\t\t<div class=\"elementor-container elementor-column-gap-default\">\n\t\t\t\t\t\t\t<div class=\"elementor-row\">\n\t\t\t\t\t<div class=\"elementor-column elementor-col-100 elementor-top-column elementor-element elementor-element-6a3f6a2\" data-id=\"6a3f6a2\" data-element_type=\"column\">\n\t\t\t<div class=\"elementor-column-wrap elementor-element-populated\">\n\t\t\t\t\t\t\t<div class=\"elementor-widget-wrap\">\n\t\t\t\t\t\t<div class=\"elementor-element elementor-element-b3f22db elementor-widget elementor-widget-spacer\" data-id=\"b3f22db\" data-element_type=\"widget\" data-widget_type=\"spacer.default\">\n\t\t\t\t<div class=\"elementor-widget-container\">\n\t\t\t\t\t<div class=\"elementor-spacer\">\n\t\t\t<div class=\"elementor-spacer-inner\"><\/div>\n\t\t<\/div>\n\t\t\t\t<\/div>\n\t\t\t\t<\/div>\n\t\t\t\t\t\t<\/div>\n\t\t\t\t\t<\/div>\n\t\t<\/div>\n\t\t\t\t\t\t\t\t<\/div>\n\t\t\t\t\t<\/div>\n\t\t<\/section>\n\t\t\t\t<section class=\"elementor-section elementor-top-section elementor-element elementor-element-5218792 elementor-section-boxed elementor-section-height-default elementor-section-height-default\" data-id=\"5218792\" data-element_type=\"section\">\n\t\t\t\t\t\t<div class=\"elementor-container elementor-column-gap-default\">\n\t\t\t\t\t\t\t<div class=\"elementor-row\">\n\t\t\t\t\t<div class=\"elementor-column elementor-col-100 elementor-top-column elementor-element elementor-element-58db2f3\" data-id=\"58db2f3\" data-element_type=\"column\">\n\t\t\t<div class=\"elementor-column-wrap elementor-element-populated\">\n\t\t\t\t\t\t\t<div class=\"elementor-widget-wrap\">\n\t\t\t\t\t\t<div class=\"elementor-element elementor-element-7651d2d elementor-widget elementor-widget-Strix-Global-Widgets-Title\" data-id=\"7651d2d\" data-element_type=\"widget\" data-widget_type=\"Strix-Global-Widgets-Title.default\">\n\t\t\t\t<div class=\"elementor-widget-container\">\n\t\t\t\t\t\t<div class=\"title-section text-center \" style=\"text-align: center\">\r\n\t\t\t\t\r\n\t\t\t\t<h1 class=\"heading1\">Servicios de ingenier\u00eda <\/h1>\r\n\t\t\t\t\t\t\t\t\t<p>Colaboran con nosotros:<\/p>\r\n\t\t\t\t\t\t\t<\/div>\r\n\t\t\t\t\t<\/div>\n\t\t\t\t<\/div>\n\t\t\t\t\t\t<\/div>\n\t\t\t\t\t<\/div>\n\t\t<\/div>\n\t\t\t\t\t\t\t\t<\/div>\n\t\t\t\t\t<\/div>\n\t\t<\/section>\n\t\t\t\t<section class=\"elementor-section elementor-top-section elementor-element elementor-element-ba1c5c1 elementor-section-boxed elementor-section-height-default elementor-section-height-default\" data-id=\"ba1c5c1\" data-element_type=\"section\">\n\t\t\t\t\t\t<div class=\"elementor-container elementor-column-gap-default\">\n\t\t\t\t\t\t\t<div class=\"elementor-row\">\n\t\t\t\t\t<div class=\"elementor-column elementor-col-16 elementor-top-column elementor-element elementor-element-b1b3d5e\" data-id=\"b1b3d5e\" data-element_type=\"column\">\n\t\t\t<div class=\"elementor-column-wrap elementor-element-populated\">\n\t\t\t\t\t\t\t<div class=\"elementor-widget-wrap\">\n\t\t\t\t\t\t<div class=\"elementor-element elementor-element-e021f10 elementor-widget elementor-widget-spacer\" data-id=\"e021f10\" data-element_type=\"widget\" data-widget_type=\"spacer.default\">\n\t\t\t\t<div class=\"elementor-widget-container\">\n\t\t\t\t\t<div class=\"elementor-spacer\">\n\t\t\t<div class=\"elementor-spacer-inner\"><\/div>\n\t\t<\/div>\n\t\t\t\t<\/div>\n\t\t\t\t<\/div>\n\t\t\t\t\t\t<\/div>\n\t\t\t\t\t<\/div>\n\t\t<\/div>\n\t\t\t\t<div class=\"elementor-column elementor-col-66 elementor-top-column elementor-element elementor-element-5ef4cf4\" data-id=\"5ef4cf4\" data-element_type=\"column\">\n\t\t\t<div class=\"elementor-column-wrap elementor-element-populated\">\n\t\t\t\t\t\t\t<div class=\"elementor-widget-wrap\">\n\t\t\t\t\t\t<div class=\"elementor-element elementor-element-ba18c31 elementor-widget elementor-widget-text-editor\" data-id=\"ba18c31\" data-element_type=\"widget\" data-widget_type=\"text-editor.default\">\n\t\t\t\t<div class=\"elementor-widget-container\">\n\t\t\t\t\t\t\t\t<div class=\"elementor-text-editor elementor-clearfix\">\n\t\t\t\t\t<p class=\"cuerposervicios\" style=\"text-align: center;\">Para optimizar las soluciones de nuestros trabajos, contamos con una cualificada red de asesores y colaboradores habituales:<\/p><h5 class=\"cuerposervicios\" style=\"text-align: center;\"><span style=\"color: #333333;\">DUARTE Y ASOCIADOS S.A.<\/span><\/h5><p class=\"cuerposervicios\" style=\"text-align: center;\">D. Francisco Duarte. Dr. Arquitecto especialista en Estructuras de edificaci\u00f3n. <a href=\"http:\/\/www.duarteyasociadossa.com\"><span style=\"color: #33cccc;\">www.duarteyasociadossa.com<\/span><\/a><\/p><h5 class=\"cuerposervicios\" style=\"text-align: center;\"><span style=\"color: #333333;\">GABITEL SL.<\/span><\/h5><p class=\"cuerposervicios\" style=\"text-align: center;\">Ingenier\u00eda especializada en instalaciones y telecomunicaciones. <a href=\"http:\/\/www.gabitelingenieros.com\"><span style=\"color: #33cccc;\">www.gabitelingenieros.com<\/span><\/a><\/p><h5 class=\"cuerposervicios\" style=\"text-align: center;\"><span style=\"color: #333333;\">GTA SLU.<\/span><\/h5><p class=\"cuerposervicios\" style=\"text-align: center;\">Ingenier\u00eda forestal y Medioambiental. <span style=\"color: #33cccc;\"><a style=\"color: #33cccc;\" href=\"http:\/\/www.gabinete-ambiental.com\">www.gabinete-ambiental.com<\/a><\/span><\/p><h5 class=\"cuerposervicios\" style=\"text-align: center;\"><span style=\"color: #333333;\">REALZA SL. <\/span><\/h5><p class=\"cuerposervicios\" style=\"text-align: center;\">Ingenier\u00eda especializada en Industria alimentaria, agronom\u00eda y energ\u00edas renovables.\u00a0<span style=\"color: #33cccc;\"><a style=\"color: #33cccc;\" href=\"http:\/\/www.realza.es\">www.realza.es<\/a><\/span><\/p><h5 class=\"cuerposervicios\" style=\"text-align: center;\"><span style=\"color: #333333;\">D. Luis Crespo Velarde<\/span><\/h5><p class=\"cuerposervicios\" style=\"text-align: center;\">Ingeniero de Caminos, Canales y Puertos. Especialista en mec\u00e1nica del Suelo.<\/p><h5 style=\"text-align: center;\"><span class=\"cuerposervicios\" style=\"color: #333333;\">VALLOTTON JARDINER\u00cdA Y PAISAJISMO SL. <\/span><\/h5><p style=\"text-align: center;\"><span class=\"cuerposervicios\">D. Charles Vallotton. Ingeniero especialista en jardiner\u00eda y paisajismo.<\/span><\/p><p>\u00a0<\/p><p style=\"text-align: center;\">Otros colaboradores:<\/p><h5 style=\"text-align: center;\"><span style=\"color: #333333;\">MADRUGA TERRITORIO Y FORO SL. <\/span><\/h5><p style=\"text-align: center;\">D. Jaime Madruga Mart\u00edn. Abogado T\u00e9cnico Urbanista.<\/p>\t\t\t\t\t<\/div>\n\t\t\t\t\t\t<\/div>\n\t\t\t\t<\/div>\n\t\t\t\t\t\t<\/div>\n\t\t\t\t\t<\/div>\n\t\t<\/div>\n\t\t\t\t<div class=\"elementor-column elementor-col-16 elementor-top-column elementor-element elementor-element-b875637\" data-id=\"b875637\" data-element_type=\"column\">\n\t\t\t<div class=\"elementor-column-wrap\">\n\t\t\t\t\t\t\t<div class=\"elementor-widget-wrap\">\n\t\t\t\t\t\t\t\t<\/div>\n\t\t\t\t\t<\/div>\n\t\t<\/div>\n\t\t\t\t\t\t\t\t<\/div>\n\t\t\t\t\t<\/div>\n\t\t<\/section>\n\t\t\t\t<section class=\"elementor-section elementor-top-section elementor-element elementor-element-509ea1b elementor-section-boxed elementor-section-height-default elementor-section-height-default\" data-id=\"509ea1b\" data-element_type=\"section\">\n\t\t\t\t\t\t<div class=\"elementor-container elementor-column-gap-default\">\n\t\t\t\t\t\t\t<div class=\"elementor-row\">\n\t\t\t\t\t<div class=\"elementor-column elementor-col-100 elementor-top-column elementor-element elementor-element-0c654e1\" data-id=\"0c654e1\" data-element_type=\"column\">\n\t\t\t<div class=\"elementor-column-wrap elementor-element-populated\">\n\t\t\t\t\t\t\t<div class=\"elementor-widget-wrap\">\n\t\t\t\t\t\t<div class=\"elementor-element elementor-element-ee6c2cc elementor-widget elementor-widget-spacer\" data-id=\"ee6c2cc\" data-element_type=\"widget\" data-widget_type=\"spacer.default\">\n\t\t\t\t<div class=\"elementor-widget-container\">\n\t\t\t\t\t<div class=\"elementor-spacer\">\n\t\t\t<div class=\"elementor-spacer-inner\"><\/div>\n\t\t<\/div>\n\t\t\t\t<\/div>\n\t\t\t\t<\/div>\n\t\t\t\t\t\t<\/div>\n\t\t\t\t\t<\/div>\n\t\t<\/div>\n\t\t\t\t\t\t\t\t<\/div>\n\t\t\t\t\t<\/div>\n\t\t<\/section>\n\t\t\t\t\t\t<\/div>\n\t\t\t\t\t\t<\/div>\n\t\t\t\t\t<\/div>\n\t\t","protected":false},"excerpt":{"rendered":"<p>Servicios de ingenier\u00eda Colaboran con nosotros: Para optimizar las soluciones de nuestros trabajos, contamos con una cualificada red de asesores y colaboradores habituales: DUARTE Y ASOCIADOS S.A. D. Francisco Duarte. Dr. Arquitecto especialista en Estructuras de edificaci\u00f3n. www.duarteyasociadossa.com GABITEL SL. Ingenier\u00eda especializada en instalaciones y telecomunicaciones. www.gabitelingenieros.com GTA SLU. Ingenier\u00eda forestal y Medioambiental. www.gabinete-ambiental.com REALZA&#8230;<\/p>\n","protected":false},"author":1,"featured_media":0,"parent":0,"menu_order":0,"comment_status":"closed","ping_status":"closed","template":"elementor_header_footer","meta":[],"_links":{"self":[{"href":"https:\/\/www.arquigenia.com\/index.php\/wp-json\/wp\/v2\/pages\/2551"}],"collection":[{"href":"https:\/\/www.arquigenia.com\/index.php\/wp-json\/wp\/v2\/pages"}],"about":[{"href":"https:\/\/www.arquigenia.com\/index.php\/wp-json\/wp\/v2\/types\/page"}],"author":[{"embeddable":true,"href":"https:\/\/www.arquigenia.com\/index.php\/wp-json\/wp\/v2\/users\/1"}],"replies":[{"embeddable":true,"href":"https:\/\/www.arquigenia.com\/index.php\/wp-json\/wp\/v2\/comments?post=2551"}],"version-history":[{"count":12,"href":"https:\/\/www.arquigenia.com\/index.php\/wp-json\/wp\/v2\/pages\/2551\/revisions"}],"predecessor-version":[{"id":2564,"href":"https:\/\/www.arquigenia.com\/index.php\/wp-json\/wp\/v2\/pages\/2551\/revisions\/2564"}],"wp:attachment":[{"href":"https:\/\/www.arquigenia.com\/index.php\/wp-json\/wp\/v2\/media?parent=2551"}],"curies":[{"name":"wp","href":"https:\/\/api.w.org\/{rel}","templated":true}]}}