{"id":2512,"date":"2019-05-01T16:50:46","date_gmt":"2019-05-01T14:50:46","guid":{"rendered":"http:\/\/www.arquigenia.com\/?page_id=2512"},"modified":"2021-07-14T13:31:07","modified_gmt":"2021-07-14T11:31:07","slug":"rehabilitacion","status":"publish","type":"page","link":"https:\/\/www.arquigenia.com\/index.php\/rehabilitacion\/","title":{"rendered":"Rehabilitaci\u00f3n"},"content":{"rendered":"\t\t<div data-elementor-type=\"wp-post\" data-elementor-id=\"2512\" class=\"elementor elementor-2512\" data-elementor-settings=\"[]\">\n\t\t\t\t\t\t<div class=\"elementor-inner\">\n\t\t\t\t\t\t\t<div class=\"elementor-section-wrap\">\n\t\t\t\t\t\t\t<section class=\"elementor-section elementor-top-section elementor-element elementor-element-c602133 elementor-section-boxed elementor-section-height-default elementor-section-height-default\" data-id=\"c602133\" data-element_type=\"section\">\n\t\t\t\t\t\t<div class=\"elementor-container elementor-column-gap-default\">\n\t\t\t\t\t\t\t<div class=\"elementor-row\">\n\t\t\t\t\t<div class=\"elementor-column elementor-col-100 elementor-top-column elementor-element elementor-element-fa491bc\" data-id=\"fa491bc\" data-element_type=\"column\">\n\t\t\t<div class=\"elementor-column-wrap elementor-element-populated\">\n\t\t\t\t\t\t\t<div class=\"elementor-widget-wrap\">\n\t\t\t\t\t\t<div class=\"elementor-element elementor-element-b7e3ef0 elementor-widget elementor-widget-spacer\" data-id=\"b7e3ef0\" data-element_type=\"widget\" data-widget_type=\"spacer.default\">\n\t\t\t\t<div class=\"elementor-widget-container\">\n\t\t\t\t\t<div class=\"elementor-spacer\">\n\t\t\t<div class=\"elementor-spacer-inner\"><\/div>\n\t\t<\/div>\n\t\t\t\t<\/div>\n\t\t\t\t<\/div>\n\t\t\t\t<div class=\"elementor-element elementor-element-86b3294 elementor-widget elementor-widget-text-editor\" data-id=\"86b3294\" data-element_type=\"widget\" data-widget_type=\"text-editor.default\">\n\t\t\t\t<div class=\"elementor-widget-container\">\n\t\t\t\t\t\t\t\t<div class=\"elementor-text-editor elementor-clearfix\">\n\t\t\t\t\t<table border=\"0\" width=\"562\" cellspacing=\"0\" cellpadding=\"2\"><tbody><tr class=\"tablanegrita\"><td width=\"64\"><h5><span class=\"textotabla\">A\u00f1o<\/span><\/h5><\/td><td width=\"217\"><h5><span class=\"textotabla\">Denominaci\u00f3n trabajo<\/span><\/h5><\/td><td width=\"132\"><h5><span class=\"textotabla\">Situaci\u00f3n<\/span><\/h5><\/td><td width=\"133\"><h5><span class=\"textotabla\">Organismo contrataci\u00f3n<\/span><\/h5><\/td><\/tr><tr><td><span class=\"textotabla\">2002-2004<\/span><\/td><td><span class=\"textotabladestacado\">Rehabilitaci\u00f3n Ermita El Amparo<\/span><\/td><td class=\"textotabla\">Cumbres Mayores<\/td><td><span class=\"textotabla\">Obispado\/Cultura\/Ayunt.<\/span><\/td><\/tr><tr><td><span class=\"textotabla\">2002<\/span><\/td><td><span class=\"textotabladestacado\">Rehabilitaci\u00f3n Iglesia Parroquial<\/span><\/td><td><span class=\"textotabla\">La Redondela<\/span><\/td><td><span class=\"textotabla\">Obispado\/Cultura\/Ayunt.<\/span><\/td><\/tr><tr><td><span class=\"textotabla\">2002<\/span><\/td><td class=\"textotabladestacado\">Diagn\u00f3stico Iglesia Parroquial<\/td><td><span class=\"textotabla\">El Granado<\/span><\/td><td><span class=\"textotabla\">Obispado\/Cultura\/Ayunt.<\/span><\/td><\/tr><tr class=\"textotabla\"><td class=\"textotabla\">2003<\/td><td class=\"textotabladestacado\">Rehabilitaci\u00f3n Iglesia<\/td><td class=\"textotabla\">Villanueva de las Cruces<\/td><td class=\"textotabla\">Consejer\u00eda de Cultura<\/td><\/tr><tr class=\"textotabla\"><td class=\"textotabla\">2003<\/td><td class=\"textotabladestacado\">Diagn\u00f3stico Iglesia Parroquial<\/td><td class=\"textotabla\">Cabezas Rubias<\/td><td class=\"textotabla\">Consejer\u00eda de Cultura<\/td><\/tr><tr class=\"textotabla\"><td class=\"textotabla\">2003<\/td><td class=\"textotabladestacado\">Diagn\u00f3stico Iglesia de Santa Catalina<\/td><td class=\"textotabla\">Trigueros<\/td><td class=\"textotabla\">Consejer\u00eda de Cultura<\/td><\/tr><tr class=\"textotabla\"><td class=\"textotabla\">2007<\/td><td class=\"textotabla\"><span class=\"textotabladestacado\">Rehabilitaci\u00f3n Ermita El Amparo 2\u00aa fase<\/span><\/td><td class=\"textotabla\">Cumbres Mayores<\/td><td class=\"textotabla\">Obispado\/Cultura\/Ayunt.<\/td><\/tr><tr class=\"textotabla\"><td class=\"textotabla\">2013<\/td><td class=\"textotabla\"><span class=\"textotabla\">Rehabilitaci\u00f3n Edificio Bazar Europa<\/span><\/td><td class=\"textotabla\">Huelva<\/td><td class=\"textotabla\">A. M. Fleming Casto<\/td><\/tr><tr class=\"textotabla\"><td class=\"textotabla\"><span style=\"color: #808080;\">2019-2021<\/span><\/td><td class=\"textotabla\"><p class=\"p1\"><span style=\"color: #33cccc;\"><a style=\"color: #33cccc;\" href=\"https:\/\/www.arquigenia.com\/index.php\/portfolio\/hydra-mostoles-2-8\/\">Hydra 8,<\/a> <span style=\"color: #808080;\">Hydra 10-26. <\/span><a style=\"color: #33cccc;\" href=\"https:\/\/www.arquigenia.com\/index.php\/portfolio\/hydramostoles\/\">Hydra 1-13 M\u00f3stoles<\/a><\/span><\/p><p class=\"p1\"><a href=\"https:\/\/www.arquigenia.com\/index.php\/portfolio\/paseo-ermita-santa-ana-colmenar\/\"><span style=\"color: #33cccc;\">C\/ Paseo Ermita Santa Ana Colmenar Viejo<\/span><\/a><\/p><p class=\"p1\"><a href=\"https:\/\/www.arquigenia.com\/index.php\/portfolio\/avenida-junta-castilla-y-leon-8-boadilla\/\"><span style=\"color: #33cccc;\">Avda. Castilla y Le\u00f3n, 8 \u00a0Boadilla del Monte<\/span><\/a><\/p><p class=\"p1\">C\/ M\u00e9ndez \u00c1lvaro, 34 Madrid<\/p><p class=\"p1\"><a href=\"https:\/\/www.arquigenia.com\/index.php\/portfolio\/calle-granja-san-ildefonso-vallecas\/\"><span style=\"color: #33cccc;\">C\/ Granja San Ildefonso, 35 Madrid<\/span><\/a><\/p><p class=\"p1\">C\/ Fuente Carrantona, 36 Madrid<\/p><p class=\"p1\">C\/ Papa Luna \u00a0Madrid<\/p><p class=\"p1\">C\/ Dulce Chac\u00f3n, 23 \u00a0Madrid<\/p><p class=\"p1\">C\/ Dr. Fleming, 43-45 \u00a0Madrid<\/p><p class=\"p1\">C\/ Mercedes Formica Las Rozas<\/p><p class=\"p1\">C\/ Francisco Salzillo, 7 Torrej\u00f3n de Ardoz<\/p><p class=\"p1\">C\/ Honduras, 17 Alcal\u00e1 de Henares<\/p><p class=\"p1\">C\/ Huertas, 7 \u00a0M\u00e1laga<\/p><p class=\"p1\"><span style=\"color: #33cccc;\"><a style=\"color: #33cccc;\" href=\"https:\/\/www.arquigenia.com\/index.php\/portfolio\/restyling-maria-barrientos-malaga\/\" target=\"_blank\" rel=\"noopener\">C\/ Mar\u00eda Barrientos, 8 M\u00e1laga<\/a><\/span><\/p><p class=\"p1\"><a href=\"https:\/\/www.arquigenia.com\/index.php\/portfolio\/restyling-pozos-dulces-malaga\/\"><span style=\"color: #33cccc;\">C\/ Pozos Dulces, 8 M\u00e1laga<\/span><\/a><\/p><\/td><td class=\"textotabla\">Madrid, M\u00e1laga<\/td><td class=\"textotabla\">Testa \/ Fidere<\/td><\/tr><\/tbody><\/table>\t\t\t\t\t<\/div>\n\t\t\t\t\t\t<\/div>\n\t\t\t\t<\/div>\n\t\t\t\t<div class=\"elementor-element elementor-element-9944584 elementor-widget elementor-widget-spacer\" data-id=\"9944584\" data-element_type=\"widget\" data-widget_type=\"spacer.default\">\n\t\t\t\t<div class=\"elementor-widget-container\">\n\t\t\t\t\t<div class=\"elementor-spacer\">\n\t\t\t<div class=\"elementor-spacer-inner\"><\/div>\n\t\t<\/div>\n\t\t\t\t<\/div>\n\t\t\t\t<\/div>\n\t\t\t\t\t\t<\/div>\n\t\t\t\t\t<\/div>\n\t\t<\/div>\n\t\t\t\t\t\t\t\t<\/div>\n\t\t\t\t\t<\/div>\n\t\t<\/section>\n\t\t\t\t<section class=\"elementor-section elementor-top-section elementor-element elementor-element-e570e01 elementor-section-boxed elementor-section-height-default elementor-section-height-default elementor-invisible\" data-id=\"e570e01\" data-element_type=\"section\" data-settings=\"{&quot;animation&quot;:&quot;fadeInUp&quot;}\">\n\t\t\t\t\t\t<div class=\"elementor-container elementor-column-gap-default\">\n\t\t\t\t\t\t\t<div class=\"elementor-row\">\n\t\t\t\t\t<div class=\"elementor-column elementor-col-33 elementor-top-column elementor-element elementor-element-b1b5473\" data-id=\"b1b5473\" data-element_type=\"column\">\n\t\t\t<div class=\"elementor-column-wrap elementor-element-populated\">\n\t\t\t\t\t\t\t<div class=\"elementor-widget-wrap\">\n\t\t\t\t\t\t<div class=\"elementor-element elementor-element-ccec957 elementor-widget elementor-widget-image\" data-id=\"ccec957\" data-element_type=\"widget\" data-widget_type=\"image.default\">\n\t\t\t\t<div class=\"elementor-widget-container\">\n\t\t\t\t\t\t\t\t<div class=\"elementor-image\">\n\t\t\t\t\t\t\t\t\t<figure class=\"wp-caption\">\n\t\t\t\t\t\t\t\t\t\t\t<a href=\"https:\/\/www.arquigenia.com\/index.php\/portfolio\/restyling-maria-barrientos-malaga\/\">\n\t\t\t\t\t\t\t<img width=\"370\" height=\"270\" src=\"https:\/\/www.arquigenia.com\/wp-content\/uploads\/2020\/10\/BarrientosRet_8578-370x270.jpg\" class=\"attachment-strix-thumb size-strix-thumb\" alt=\"\" loading=\"lazy\" \/>\t\t\t\t\t\t\t\t<\/a>\n\t\t\t\t\t\t\t\t\t\t\t<figcaption class=\"widget-image-caption wp-caption-text\">Restyling Barrientos<\/figcaption>\n\t\t\t\t\t\t\t\t\t\t<\/figure>\n\t\t\t\t\t\t\t\t<\/div>\n\t\t\t\t\t\t<\/div>\n\t\t\t\t<\/div>\n\t\t\t\t\t\t<\/div>\n\t\t\t\t\t<\/div>\n\t\t<\/div>\n\t\t\t\t<div class=\"elementor-column elementor-col-33 elementor-top-column elementor-element elementor-element-be3f96f\" data-id=\"be3f96f\" data-element_type=\"column\">\n\t\t\t<div class=\"elementor-column-wrap elementor-element-populated\">\n\t\t\t\t\t\t\t<div class=\"elementor-widget-wrap\">\n\t\t\t\t\t\t<div class=\"elementor-element elementor-element-adc515e elementor-widget elementor-widget-image\" data-id=\"adc515e\" data-element_type=\"widget\" data-widget_type=\"image.default\">\n\t\t\t\t<div class=\"elementor-widget-container\">\n\t\t\t\t\t\t\t\t<div class=\"elementor-image\">\n\t\t\t\t\t\t\t\t\t<figure class=\"wp-caption\">\n\t\t\t\t\t\t\t\t\t\t\t<a href=\"https:\/\/www.arquigenia.com\/index.php\/portfolio\/hydra-mostoles-2-8\/\">\n\t\t\t\t\t\t\t<img width=\"370\" height=\"270\" src=\"https:\/\/www.arquigenia.com\/wp-content\/uploads\/2020\/10\/Hydra_7039destacada-370x270.jpg\" class=\"attachment-strix-thumb size-strix-thumb\" alt=\"\" loading=\"lazy\" \/>\t\t\t\t\t\t\t\t<\/a>\n\t\t\t\t\t\t\t\t\t\t\t<figcaption class=\"widget-image-caption wp-caption-text\">Hydra M\u00f3stoles<\/figcaption>\n\t\t\t\t\t\t\t\t\t\t<\/figure>\n\t\t\t\t\t\t\t\t<\/div>\n\t\t\t\t\t\t<\/div>\n\t\t\t\t<\/div>\n\t\t\t\t\t\t<\/div>\n\t\t\t\t\t<\/div>\n\t\t<\/div>\n\t\t\t\t<div class=\"elementor-column elementor-col-33 elementor-top-column elementor-element elementor-element-f54fb92\" data-id=\"f54fb92\" data-element_type=\"column\">\n\t\t\t<div class=\"elementor-column-wrap elementor-element-populated\">\n\t\t\t\t\t\t\t<div class=\"elementor-widget-wrap\">\n\t\t\t\t\t\t<div class=\"elementor-element elementor-element-4695021 elementor-widget elementor-widget-image\" data-id=\"4695021\" data-element_type=\"widget\" data-widget_type=\"image.default\">\n\t\t\t\t<div class=\"elementor-widget-container\">\n\t\t\t\t\t\t\t\t<div class=\"elementor-image\">\n\t\t\t\t\t\t\t\t\t<figure class=\"wp-caption\">\n\t\t\t\t\t\t\t\t\t\t\t<a href=\"https:\/\/www.arquigenia.com\/index.php\/portfolio\/hydramostoles\/\">\n\t\t\t\t\t\t\t<img width=\"370\" height=\"270\" src=\"https:\/\/www.arquigenia.com\/wp-content\/uploads\/2020\/10\/Hydra_7305-GR-370x270.jpg\" class=\"attachment-strix-thumb size-strix-thumb\" alt=\"\" loading=\"lazy\" \/>\t\t\t\t\t\t\t\t<\/a>\n\t\t\t\t\t\t\t\t\t\t\t<figcaption class=\"widget-image-caption wp-caption-text\">Rehabilitaci\u00f3n Hydra M\u00f3stoles, 1-13<\/figcaption>\n\t\t\t\t\t\t\t\t\t\t<\/figure>\n\t\t\t\t\t\t\t\t<\/div>\n\t\t\t\t\t\t<\/div>\n\t\t\t\t<\/div>\n\t\t\t\t\t\t<\/div>\n\t\t\t\t\t<\/div>\n\t\t<\/div>\n\t\t\t\t\t\t\t\t<\/div>\n\t\t\t\t\t<\/div>\n\t\t<\/section>\n\t\t\t\t<section class=\"elementor-section elementor-top-section elementor-element elementor-element-b129ddd elementor-section-boxed elementor-section-height-default elementor-section-height-default\" data-id=\"b129ddd\" data-element_type=\"section\">\n\t\t\t\t\t\t<div class=\"elementor-container elementor-column-gap-default\">\n\t\t\t\t\t\t\t<div class=\"elementor-row\">\n\t\t\t\t\t<div class=\"elementor-column elementor-col-100 elementor-top-column elementor-element elementor-element-d74a2ab\" data-id=\"d74a2ab\" data-element_type=\"column\">\n\t\t\t<div class=\"elementor-column-wrap elementor-element-populated\">\n\t\t\t\t\t\t\t<div class=\"elementor-widget-wrap\">\n\t\t\t\t\t\t<div class=\"elementor-element elementor-element-4aee9d3 elementor-widget elementor-widget-spacer\" data-id=\"4aee9d3\" data-element_type=\"widget\" data-widget_type=\"spacer.default\">\n\t\t\t\t<div class=\"elementor-widget-container\">\n\t\t\t\t\t<div class=\"elementor-spacer\">\n\t\t\t<div class=\"elementor-spacer-inner\"><\/div>\n\t\t<\/div>\n\t\t\t\t<\/div>\n\t\t\t\t<\/div>\n\t\t\t\t\t\t<\/div>\n\t\t\t\t\t<\/div>\n\t\t<\/div>\n\t\t\t\t\t\t\t\t<\/div>\n\t\t\t\t\t<\/div>\n\t\t<\/section>\n\t\t\t\t<section class=\"elementor-section elementor-top-section elementor-element elementor-element-732cb93 elementor-section-boxed elementor-section-height-default elementor-section-height-default\" data-id=\"732cb93\" data-element_type=\"section\">\n\t\t\t\t\t\t<div class=\"elementor-container elementor-column-gap-default\">\n\t\t\t\t\t\t\t<div class=\"elementor-row\">\n\t\t\t\t\t<div class=\"elementor-column elementor-col-100 elementor-top-column elementor-element elementor-element-8c8241c\" data-id=\"8c8241c\" data-element_type=\"column\">\n\t\t\t<div class=\"elementor-column-wrap elementor-element-populated\">\n\t\t\t\t\t\t\t<div class=\"elementor-widget-wrap\">\n\t\t\t\t\t\t<div class=\"elementor-element elementor-element-6ff1c40 elementor-widget elementor-widget-spacer\" data-id=\"6ff1c40\" data-element_type=\"widget\" data-widget_type=\"spacer.default\">\n\t\t\t\t<div class=\"elementor-widget-container\">\n\t\t\t\t\t<div class=\"elementor-spacer\">\n\t\t\t<div class=\"elementor-spacer-inner\"><\/div>\n\t\t<\/div>\n\t\t\t\t<\/div>\n\t\t\t\t<\/div>\n\t\t\t\t\t\t<\/div>\n\t\t\t\t\t<\/div>\n\t\t<\/div>\n\t\t\t\t\t\t\t\t<\/div>\n\t\t\t\t\t<\/div>\n\t\t<\/section>\n\t\t\t\t\t\t<\/div>\n\t\t\t\t\t\t<\/div>\n\t\t\t\t\t<\/div>\n\t\t","protected":false},"excerpt":{"rendered":"<p>A\u00f1o Denominaci\u00f3n trabajo Situaci\u00f3n Organismo contrataci\u00f3n 2002-2004 Rehabilitaci\u00f3n Ermita El Amparo Cumbres Mayores Obispado\/Cultura\/Ayunt. 2002 Rehabilitaci\u00f3n Iglesia Parroquial La Redondela Obispado\/Cultura\/Ayunt. 2002 Diagn\u00f3stico Iglesia Parroquial El Granado Obispado\/Cultura\/Ayunt. 2003 Rehabilitaci\u00f3n Iglesia Villanueva de las Cruces Consejer\u00eda de Cultura 2003 Diagn\u00f3stico Iglesia Parroquial Cabezas Rubias Consejer\u00eda de Cultura 2003 Diagn\u00f3stico Iglesia de Santa Catalina Trigueros Consejer\u00eda&#8230;<\/p>\n","protected":false},"author":1,"featured_media":0,"parent":0,"menu_order":0,"comment_status":"closed","ping_status":"closed","template":"template-page_builder.php","meta":[],"_links":{"self":[{"href":"https:\/\/www.arquigenia.com\/index.php\/wp-json\/wp\/v2\/pages\/2512"}],"collection":[{"href":"https:\/\/www.arquigenia.com\/index.php\/wp-json\/wp\/v2\/pages"}],"about":[{"href":"https:\/\/www.arquigenia.com\/index.php\/wp-json\/wp\/v2\/types\/page"}],"author":[{"embeddable":true,"href":"https:\/\/www.arquigenia.com\/index.php\/wp-json\/wp\/v2\/users\/1"}],"replies":[{"embeddable":true,"href":"https:\/\/www.arquigenia.com\/index.php\/wp-json\/wp\/v2\/comments?post=2512"}],"version-history":[{"count":113,"href":"https:\/\/www.arquigenia.com\/index.php\/wp-json\/wp\/v2\/pages\/2512\/revisions"}],"predecessor-version":[{"id":3606,"href":"https:\/\/www.arquigenia.com\/index.php\/wp-json\/wp\/v2\/pages\/2512\/revisions\/3606"}],"wp:attachment":[{"href":"https:\/\/www.arquigenia.com\/index.php\/wp-json\/wp\/v2\/media?parent=2512"}],"curies":[{"name":"wp","href":"https:\/\/api.w.org\/{rel}","templated":true}]}}