{"id":2489,"date":"2019-05-01T16:18:47","date_gmt":"2019-05-01T14:18:47","guid":{"rendered":"http:\/\/www.arquigenia.com\/?page_id=2489"},"modified":"2019-05-01T16:25:26","modified_gmt":"2019-05-01T14:25:26","slug":"permitting","status":"publish","type":"page","link":"https:\/\/www.arquigenia.com\/index.php\/permitting\/","title":{"rendered":"Permitting"},"content":{"rendered":"\t\t<div data-elementor-type=\"wp-post\" data-elementor-id=\"2489\" class=\"elementor elementor-2489\" data-elementor-settings=\"[]\">\n\t\t\t\t\t\t<div class=\"elementor-inner\">\n\t\t\t\t\t\t\t<div class=\"elementor-section-wrap\">\n\t\t\t\t\t\t\t<section class=\"elementor-section elementor-top-section elementor-element elementor-element-d84b854 elementor-section-boxed elementor-section-height-default elementor-section-height-default\" data-id=\"d84b854\" data-element_type=\"section\">\n\t\t\t\t\t\t<div class=\"elementor-container elementor-column-gap-default\">\n\t\t\t\t\t\t\t<div class=\"elementor-row\">\n\t\t\t\t\t<div class=\"elementor-column elementor-col-100 elementor-top-column elementor-element elementor-element-14244d2\" data-id=\"14244d2\" data-element_type=\"column\">\n\t\t\t<div class=\"elementor-column-wrap elementor-element-populated\">\n\t\t\t\t\t\t\t<div class=\"elementor-widget-wrap\">\n\t\t\t\t\t\t<div class=\"elementor-element elementor-element-db94370 elementor-widget elementor-widget-text-editor\" data-id=\"db94370\" data-element_type=\"widget\" data-widget_type=\"text-editor.default\">\n\t\t\t\t<div class=\"elementor-widget-container\">\n\t\t\t\t\t\t\t\t<div class=\"elementor-text-editor elementor-clearfix\">\n\t\t\t\t\t<table border=\"0\" width=\"554\" cellspacing=\"0\" cellpadding=\"2\"><tbody><tr class=\"tablanegrita\"><td width=\"63\" height=\"30\"><h5><span class=\"textotabla\">A\u00f1o<\/span><\/h5><\/td><td width=\"251\" height=\"30\"><h5><span class=\"textotabla\">Denominaci\u00f3n trabajo<\/span><\/h5><\/td><td width=\"93\" height=\"30\"><h5><span class=\"textotabla\">Situaci\u00f3n<\/span><\/h5><\/td><td width=\"131\" height=\"30\"><h5><span class=\"textotabla\">Organismo contrataci\u00f3n<\/span><\/h5><\/td><\/tr><tr><td height=\"26\"><span class=\"textotabla\">2005-2007<\/span><\/td><td height=\"26\"><span class=\"textotabla\">Promociones Noray 1 y 2<\/span><\/td><td height=\"26\"><span class=\"textotabla\">Huelva<\/span><\/td><td height=\"26\"><span class=\"textotabla\">Promotor privado<\/span><\/td><\/tr><tr><td height=\"26\"><span class=\"textotabla\">2006<\/span><\/td><td height=\"26\"><span class=\"textotabla\">Centro comercial Arena<\/span><\/td><td height=\"26\"><span class=\"textotabla\">Ayamonte<\/span><\/td><td height=\"26\"><span class=\"textotabla\">Promotor privado<\/span><\/td><\/tr><tr><td height=\"26\"><span class=\"textotabla\">2008-2011<\/span><\/td><td height=\"26\"><span class=\"textotabla\">Senior Resort<\/span><\/td><td height=\"26\"><span class=\"textotabla\">Ayamonte<\/span><\/td><td height=\"26\"><span class=\"textotabla\">Promotor privado<\/span><\/td><\/tr><tr><td height=\"26\"><span class=\"textotabla\">2012<\/span><\/td><td height=\"26\"><span class=\"textotabla\">40 viviendas, garajes y zonas comunes<\/span><\/td><td height=\"26\"><span class=\"textotabla\">Huelva<\/span><\/td><td height=\"26\"><span class=\"textotabla\">Aliseda (GTE)<\/span><\/td><\/tr><tr><td height=\"26\"><span class=\"textotabla\">2012<\/span><\/td><td height=\"26\"><span class=\"textotabla\">Oficinas Berg\u00e9 Mar\u00edtima<\/span><\/td><td height=\"26\"><span class=\"textotabla\">Huelva<\/span><\/td><td height=\"26\"><span class=\"textotabla\">Berg\u00e9<\/span><\/td><\/tr><tr><td height=\"26\"><span class=\"textotabla\">2012<\/span><\/td><td height=\"26\"><span class=\"textotabla\">Reforma Estudio Arquigenia<\/span><\/td><td height=\"26\"><span class=\"textotabla\">Huelva<\/span><\/td><td height=\"26\"><span class=\"textotabla\">Arquigenia SLP<\/span><\/td><\/tr><tr><td height=\"26\"><span class=\"textotabla\">2013<\/span><\/td><td height=\"26\"><span class=\"textotabla\">Oficinas Congrasur\/Adice<\/span><\/td><td height=\"26\"><span class=\"textotabla\">Huelva<\/span><\/td><td height=\"26\"><span class=\"textotabla\">Congrasur<\/span><\/td><\/tr><tr><td height=\"26\"><span class=\"textotabla\">2014<\/span><\/td><td height=\"26\"><span class=\"textotabla\">Recepci\u00f3n promoci\u00f3n bancaria<\/span><\/td><td height=\"26\"><span class=\"textotabla\">Rociana<\/span><\/td><td height=\"26\"><span class=\"textotabla\">Aliseda<\/span><\/td><\/tr><tr><td height=\"26\"><span class=\"textotabla\">2016<\/span><\/td><td height=\"26\"><span class=\"textotabla\">Bar Metropolitan<\/span><\/td><td height=\"26\"><span class=\"textotabla\">Huelva<\/span><\/td><td height=\"26\"><span class=\"textotabla\">Promotor privado<\/span><\/td><\/tr><tr><td height=\"26\"><span class=\"textotabla\">2017<\/span><\/td><td height=\"26\"><span class=\"textotabla\">Nuevo Hospital Los Naranjos<\/span><\/td><td height=\"26\"><span class=\"textotabla\">Huelva<\/span><\/td><td height=\"26\"><span class=\"textotabla\">Asisa<\/span><\/td><\/tr><tr><td height=\"26\"><span class=\"textotabla\">2017<\/span><\/td><td height=\"26\"><span class=\"textotabla\">Recepci\u00f3n promoci\u00f3n bancaria<\/span><\/td><td height=\"26\"><span class=\"textotabla\">Santa Ana<\/span><\/td><td height=\"26\"><span class=\"textotabla\">Servih\u00e1bitat<\/span><\/td><\/tr><tr><td height=\"26\"><span class=\"textotabla\">2017<\/span><\/td><td height=\"26\"><span class=\"textotabla\">Recepci\u00f3n promoci\u00f3n bancaria<\/span><\/td><td height=\"26\"><span class=\"textotabla\">Sanl\u00facar de Gna.<\/span><\/td><td height=\"26\"><span class=\"textotabla\">Servih\u00e1bitat<\/span><\/td><\/tr><tr><td height=\"26\"><span class=\"textotabla\">2018<\/span><\/td><td height=\"26\"><span class=\"textotabla\">Terminal Granales Puerto Huelva<\/span><\/td><td height=\"26\"><span class=\"textotabla\">Palos de la Fra.<\/span><\/td><td height=\"26\"><span class=\"textotabla\">Sacyr<\/span><\/td><\/tr><tr><td height=\"26\"><span class=\"textotabla\">2018<\/span><\/td><td height=\"26\"><span class=\"textotabla\">Oficinas en edificios varios<\/span><\/td><td height=\"26\"><span class=\"textotabla\">Puerto de Huelva<\/span><\/td><td height=\"26\"><span class=\"textotabla\">Diferentes promotoras<\/span><\/td><\/tr><tr><td height=\"26\"><span class=\"textotabla\">2018<\/span><\/td><td height=\"26\"><span class=\"textotabla\">B\u00fasqueda de activos hoteleros<\/span><\/td><td height=\"26\"><span class=\"textotabla\">Internacional<\/span><\/td><td class=\"textotabla\" height=\"26\">TUI<\/td><\/tr><\/tbody><\/table>\t\t\t\t\t<\/div>\n\t\t\t\t\t\t<\/div>\n\t\t\t\t<\/div>\n\t\t\t\t\t\t<\/div>\n\t\t\t\t\t<\/div>\n\t\t<\/div>\n\t\t\t\t\t\t\t\t<\/div>\n\t\t\t\t\t<\/div>\n\t\t<\/section>\n\t\t\t\t<section class=\"elementor-section elementor-top-section elementor-element elementor-element-51c06b8 elementor-section-boxed elementor-section-height-default elementor-section-height-default\" data-id=\"51c06b8\" data-element_type=\"section\">\n\t\t\t\t\t\t<div class=\"elementor-container elementor-column-gap-default\">\n\t\t\t\t\t\t\t<div class=\"elementor-row\">\n\t\t\t\t\t<div class=\"elementor-column elementor-col-100 elementor-top-column elementor-element elementor-element-246c9c2\" data-id=\"246c9c2\" data-element_type=\"column\">\n\t\t\t<div class=\"elementor-column-wrap elementor-element-populated\">\n\t\t\t\t\t\t\t<div class=\"elementor-widget-wrap\">\n\t\t\t\t\t\t<div class=\"elementor-element elementor-element-a03ad34 elementor-widget elementor-widget-spacer\" data-id=\"a03ad34\" data-element_type=\"widget\" data-widget_type=\"spacer.default\">\n\t\t\t\t<div class=\"elementor-widget-container\">\n\t\t\t\t\t<div class=\"elementor-spacer\">\n\t\t\t<div class=\"elementor-spacer-inner\"><\/div>\n\t\t<\/div>\n\t\t\t\t<\/div>\n\t\t\t\t<\/div>\n\t\t\t\t\t\t<\/div>\n\t\t\t\t\t<\/div>\n\t\t<\/div>\n\t\t\t\t\t\t\t\t<\/div>\n\t\t\t\t\t<\/div>\n\t\t<\/section>\n\t\t\t\t\t\t<\/div>\n\t\t\t\t\t\t<\/div>\n\t\t\t\t\t<\/div>\n\t\t","protected":false},"excerpt":{"rendered":"<p>A\u00f1o Denominaci\u00f3n trabajo Situaci\u00f3n Organismo contrataci\u00f3n 2005-2007 Promociones Noray 1 y 2 Huelva Promotor privado 2006 Centro comercial Arena Ayamonte Promotor privado 2008-2011 Senior Resort Ayamonte Promotor privado 2012 40 viviendas, garajes y zonas comunes Huelva Aliseda (GTE) 2012 Oficinas Berg\u00e9 Mar\u00edtima Huelva Berg\u00e9 2012 Reforma Estudio Arquigenia Huelva Arquigenia SLP 2013 Oficinas Congrasur\/Adice Huelva&#8230;<\/p>\n","protected":false},"author":1,"featured_media":0,"parent":0,"menu_order":0,"comment_status":"closed","ping_status":"closed","template":"template-page_builder.php","meta":[],"_links":{"self":[{"href":"https:\/\/www.arquigenia.com\/index.php\/wp-json\/wp\/v2\/pages\/2489"}],"collection":[{"href":"https:\/\/www.arquigenia.com\/index.php\/wp-json\/wp\/v2\/pages"}],"about":[{"href":"https:\/\/www.arquigenia.com\/index.php\/wp-json\/wp\/v2\/types\/page"}],"author":[{"embeddable":true,"href":"https:\/\/www.arquigenia.com\/index.php\/wp-json\/wp\/v2\/users\/1"}],"replies":[{"embeddable":true,"href":"https:\/\/www.arquigenia.com\/index.php\/wp-json\/wp\/v2\/comments?post=2489"}],"version-history":[{"count":5,"href":"https:\/\/www.arquigenia.com\/index.php\/wp-json\/wp\/v2\/pages\/2489\/revisions"}],"predecessor-version":[{"id":2495,"href":"https:\/\/www.arquigenia.com\/index.php\/wp-json\/wp\/v2\/pages\/2489\/revisions\/2495"}],"wp:attachment":[{"href":"https:\/\/www.arquigenia.com\/index.php\/wp-json\/wp\/v2\/media?parent=2489"}],"curies":[{"name":"wp","href":"https:\/\/api.w.org\/{rel}","templated":true}]}}