{"id":2236,"date":"2019-04-30T12:23:10","date_gmt":"2019-04-30T10:23:10","guid":{"rendered":"http:\/\/www.arquigenia.com\/?page_id=2236"},"modified":"2019-04-30T13:18:01","modified_gmt":"2019-04-30T11:18:01","slug":"planeamiento","status":"publish","type":"page","link":"https:\/\/www.arquigenia.com\/index.php\/planeamiento\/","title":{"rendered":"Planeamiento"},"content":{"rendered":"\t\t<div data-elementor-type=\"wp-post\" data-elementor-id=\"2236\" class=\"elementor elementor-2236\" data-elementor-settings=\"[]\">\n\t\t\t\t\t\t<div class=\"elementor-inner\">\n\t\t\t\t\t\t\t<div class=\"elementor-section-wrap\">\n\t\t\t\t\t\t\t<section class=\"elementor-section elementor-top-section elementor-element elementor-element-7c86107c elementor-section-boxed elementor-section-height-default elementor-section-height-default\" data-id=\"7c86107c\" data-element_type=\"section\">\n\t\t\t\t\t\t<div class=\"elementor-container elementor-column-gap-default\">\n\t\t\t\t\t\t\t<div class=\"elementor-row\">\n\t\t\t\t\t<div class=\"elementor-column elementor-col-100 elementor-top-column elementor-element elementor-element-3f22c5bb\" data-id=\"3f22c5bb\" data-element_type=\"column\">\n\t\t\t<div class=\"elementor-column-wrap elementor-element-populated\">\n\t\t\t\t\t\t\t<div class=\"elementor-widget-wrap\">\n\t\t\t\t\t\t<div class=\"elementor-element elementor-element-61d09255 elementor-widget elementor-widget-spacer\" data-id=\"61d09255\" data-element_type=\"widget\" data-widget_type=\"spacer.default\">\n\t\t\t\t<div class=\"elementor-widget-container\">\n\t\t\t\t\t<div class=\"elementor-spacer\">\n\t\t\t<div class=\"elementor-spacer-inner\"><\/div>\n\t\t<\/div>\n\t\t\t\t<\/div>\n\t\t\t\t<\/div>\n\t\t\t\t<div class=\"elementor-element elementor-element-32e31a37 elementor-widget elementor-widget-text-editor\" data-id=\"32e31a37\" data-element_type=\"widget\" data-widget_type=\"text-editor.default\">\n\t\t\t\t<div class=\"elementor-widget-container\">\n\t\t\t\t\t\t\t\t<div class=\"elementor-text-editor elementor-clearfix\">\n\t\t\t\t\t<table border=\"0\" width=\"574\" cellspacing=\"0\" cellpadding=\"2\">\n<tbody>\n<tr class=\"tablanegrita\">\n<td width=\"65\">\n<h5><span class=\"textotabla\">A\u00f1o<\/span><\/h5>\n<\/td>\n<td width=\"215\">\n<h5><span class=\"textotabla\">Denominaci\u00f3n trabajo<\/span><\/h5>\n<\/td>\n<td width=\"106\">\n<h5><span class=\"textotabla\">Situaci\u00f3n<\/span><\/h5>\n<\/td>\n<td width=\"157\">\n<h5><span class=\"textotabla\">Organismo contrataci\u00f3n<\/span><\/h5>\n<\/td>\n<\/tr>\n<tr>\n<td colspan=\"4\" height=\"29\">\n<h2>Planeamiento general<\/h2>\n<\/td>\n<\/tr>\n<tr>\n<td height=\"26\"><span class=\"textotabla\">2006<\/span><\/td>\n<td height=\"26\"><span class=\"textotabla\">PGOU Alosno y Tharsis<\/span><\/td>\n<td height=\"26\"><span class=\"textotabla\">Alosno<\/span><\/td>\n<td height=\"26\"><span class=\"textotabla\">Ayuntamiento de Alosno<\/span><\/td>\n<\/tr>\n<tr>\n<td height=\"26\"><span class=\"textotabla\">2009<\/span><\/td>\n<td height=\"26\"><span class=\"textotabla\">PGOU Cala\u00f1as<\/span><\/td>\n<td height=\"26\"><span class=\"textotabla\">Cala\u00f1as<\/span><\/td>\n<td height=\"26\"><span class=\"textotabla\">Ayuntamiento de Cala\u00f1as<\/span><\/td>\n<\/tr>\n<tr>\n<td height=\"26\"><span class=\"textotabla\">2011<\/span><\/td>\n<td height=\"26\"><span class=\"textotabla\">PGOU Fuenteheridos<\/span><\/td>\n<td height=\"26\"><span class=\"textotabla\">Fuenteheridos<\/span><\/td>\n<td height=\"26\"><span class=\"textotabla\">Ayuntamiento de Fuenteheridos<\/span><\/td>\n<\/tr>\n<tr>\n<td height=\"26\"><span class=\"textotabla\">2012<\/span><\/td>\n<td height=\"26\"><span class=\"textotabla\">PGOU Al\u00e1jar<\/span><\/td>\n<td height=\"26\"><span class=\"textotabla\">Al\u00e1jar<\/span><\/td>\n<td height=\"26\"><span class=\"textotabla\">Ayuntamiento de Al\u00e1jar<\/span><\/td>\n<\/tr>\n<tr>\n<td height=\"26\"><span class=\"textotabla\">2013<\/span><\/td>\n<td height=\"26\"><span class=\"textotabla\">PGOU de La Granada de Riotinto<\/span><\/td>\n<td height=\"26\"><span class=\"textotabla\">Fuenteheridos<\/span><\/td>\n<td height=\"26\"><span class=\"textotabla\">Ayto. de La Granada de Riotinto<\/span><\/td>\n<\/tr>\n<tr>\n<td colspan=\"4\" height=\"30\">\n<h2>Modificaciones de planeamiento general<\/h2>\n<\/td>\n<\/tr>\n<tr>\n<td height=\"26\"><span class=\"textotabla\">2003<\/span><\/td>\n<td height=\"26\"><span class=\"textotabla\">Modificaci\u00f3n puntual N.N.S.S.<\/span><\/td>\n<td height=\"26\"><span class=\"textotabla\">Lucena del Puerto<\/span><\/td>\n<td height=\"26\"><span class=\"textotabla\">Promotor privado<\/span><\/td>\n<\/tr>\n<tr>\n<td height=\"26\"><span class=\"textotabla\">2004<\/span><\/td>\n<td height=\"26\"><span class=\"textotabla\">Modificaci\u00f3n puntual N\u00ba6 N.N.S.S.<\/span><\/td>\n<td height=\"26\"><span class=\"textotabla\">Alosno<\/span><\/td>\n<td height=\"26\"><span class=\"textotabla\">Ayuntamiento de Alosno<\/span><\/td>\n<\/tr>\n<tr class=\"textotabla\">\n<td class=\"textotabla\" height=\"26\">2004<\/td>\n<td class=\"textotabla\" height=\"26\">Modificaci\u00f3n puntual N\u00ba6 N.N.S.S.<\/td>\n<td class=\"textotabla\" height=\"26\">Almonte<\/td>\n<td class=\"textotabla\" height=\"26\">Promotor privado<\/td>\n<\/tr>\n<tr>\n<td class=\"textotabla\" height=\"26\">2005<\/td>\n<td class=\"textotabladestacado\" height=\"26\"><span class=\"textotabla\">Modificaci\u00f3n puntual N\u00ba1<\/span><\/td>\n<td class=\"textotabla\" height=\"26\">Los Marines<\/td>\n<td class=\"textotabla\" height=\"26\">Ayuntamiento de Los Marines<\/td>\n<\/tr>\n<tr>\n<td class=\"textotabla\" height=\"26\">2016<\/td>\n<td class=\"textotabladestacado\" height=\"26\"><span class=\"textotabla\">Modificaciones estructurales 1 y 2<\/span><\/td>\n<td class=\"textotabla\" height=\"26\">Beas<\/td>\n<td class=\"textotabla\" height=\"26\">Ayuntamiento de Beas<\/td>\n<\/tr>\n<tr>\n<td class=\"textotabla\" height=\"26\">2017<\/td>\n<td class=\"textotabladestacado\" height=\"26\"><span class=\"textotabla\">Mod. puntual PGOU Lepe Polisur<\/span><\/td>\n<td class=\"textotabla\" height=\"26\">Lepe<\/td>\n<td class=\"textotabla\" height=\"26\">Polisur<\/td>\n<\/tr>\n<tr>\n<td colspan=\"4\" height=\"30\">\n<h2>Planeamiento de desarrollo y otros<\/h2>\n<\/td>\n<\/tr>\n<tr>\n<td height=\"26\"><span class=\"textotabla\">2005<\/span><\/td>\n<td height=\"26\"><span class=\"textotabladestacado\">Plan Especial Jard\u00edn Bot\u00e1nico<\/span><\/td>\n<td height=\"26\"><span class=\"textotabla\">Palos de la Frontera<\/span><\/td>\n<td height=\"26\"><span class=\"textotabla\">Consejer\u00eda de Medio Ambiente<\/span><\/td>\n<\/tr>\n<tr>\n<td height=\"26\"><span class=\"textotabla\">2005<\/span><\/td>\n<td height=\"26\"><span class=\"textotabla\">Plan Parcial y P. Urbanizaci\u00f3n SAPU 4-B2<\/span><\/td>\n<td class=\"textotabla\" height=\"26\">Ayamonte<\/td>\n<td height=\"26\"><span class=\"textotabla\">Promotor privado<\/span><\/td>\n<\/tr>\n<tr>\n<td height=\"26\"><span class=\"textotabla\">2006<\/span><\/td>\n<td height=\"26\"><span class=\"textotabla\">Plan Parcial y P. Urbanizaci\u00f3n SA-33<\/span><\/td>\n<td height=\"26\"><span class=\"textotabla\">Almonte<\/span><\/td>\n<td height=\"26\"><span class=\"textotabla\">Promotor privado<\/span><\/td>\n<\/tr>\n<tr class=\"textotabla\">\n<td class=\"textotabla\" height=\"26\">2007<\/td>\n<td class=\"textotabla\" height=\"26\">Plan Parcial y P. Urbanizaci\u00f3n SA 22<\/td>\n<td class=\"textotabla\" height=\"26\">Almonte<\/td>\n<td class=\"textotabla\" height=\"26\">Promotor privado<\/td>\n<\/tr>\n<tr class=\"textotabla\">\n<td class=\"textotabla\" height=\"26\">2004<\/td>\n<td class=\"textotabla\" height=\"26\">Estudio de detalle ED1<\/td>\n<td class=\"textotabla\" height=\"26\">Villablanca<\/td>\n<td class=\"textotabla\" height=\"26\">Promotor privado<\/td>\n<\/tr>\n<tr class=\"textotabla\">\n<td class=\"textotabla\" height=\"26\">2007<\/td>\n<td class=\"textotabla\" height=\"26\">Estudio de detalle UE-13<\/td>\n<td class=\"textotabla\" height=\"26\">Lucena el Puerto<\/td>\n<td class=\"textotabla\" height=\"26\">Promotor privado<\/td>\n<\/tr>\n<tr class=\"textotabla\">\n<td class=\"textotabla\" height=\"26\">2007<\/td>\n<td class=\"textotabla\" height=\"26\">Estudio de detalle ED-1 SAPU 4-B2<\/td>\n<td class=\"textotabla\" height=\"26\">Ayamonte<\/td>\n<td class=\"textotabla\" height=\"26\">Promotor privado<\/td>\n<\/tr>\n<tr class=\"textotabla\">\n<td class=\"textotabla\" height=\"26\">2002<\/td>\n<td class=\"textotabla\" height=\"26\">Estudio de impacto ambiental<\/td>\n<td class=\"textotabla\" height=\"26\">Alosno<\/td>\n<td class=\"textotabla\" height=\"26\">Ayuntamiento de Alosno<\/td>\n<\/tr>\n<tr class=\"textotabla\">\n<td class=\"textotabla\" height=\"26\">2015<\/td>\n<td class=\"textotabla\" height=\"26\">Estudio detalle CORA<\/td>\n<td class=\"textotabla\" height=\"26\">Palos de la Frontera<\/td>\n<td class=\"textotabla\" height=\"26\">Promotor privado<\/td>\n<\/tr>\n<tr class=\"textotabla\">\n<td class=\"textotabla\" height=\"26\">2016<\/td>\n<td class=\"textotabla\" height=\"26\">Estudio detalle Paseo Naranjos<\/td>\n<td class=\"textotabla\" height=\"26\">Huelva<\/td>\n<td class=\"textotabla\" height=\"26\">Promotor privado<\/td>\n<\/tr>\n<tr class=\"textotabla\">\n<td class=\"textotabla\" height=\"26\">2017<\/td>\n<td class=\"textotabla\" height=\"26\">Doc. Alternativas y Sos. Econ\u00f3mica<\/td>\n<td class=\"textotabla\" height=\"26\">Almonte<\/td>\n<td class=\"textotabla\" height=\"26\">Promotor privado<\/td>\n<\/tr>\n<tr class=\"textotabla\">\n<td colspan=\"4\" height=\"30\">\n<h2>Reparcelaciones<\/h2>\n<\/td>\n<\/tr>\n<tr class=\"textotabla\">\n<td class=\"textotabla\" height=\"26\">2007<\/td>\n<td class=\"textotabla\" height=\"26\">Parcelaci\u00f3n SAPU 4-B2<\/td>\n<td class=\"textotabla\" height=\"26\">Ayamonte<\/td>\n<td class=\"textotabla\" height=\"26\">Promotor privado<\/td>\n<\/tr>\n<tr class=\"textotabla\">\n<td class=\"textotabla\" height=\"26\">2007<\/td>\n<td class=\"textotabla\" height=\"26\">Reparcelaci\u00f3n URB. SA-33<\/td>\n<td class=\"textotabla\" height=\"26\">Almonte<\/td>\n<td class=\"textotabla\" height=\"26\">Promotor privado<\/td>\n<\/tr>\n<tr class=\"textotabla\">\n<td class=\"textotabla\" height=\"26\">2007<\/td>\n<td class=\"textotabla\" height=\"26\">Reparcelaci\u00f3n SA-33<\/td>\n<td class=\"textotabla\" height=\"26\">Almonte<\/td>\n<td class=\"textotabla\" height=\"26\">Promotor privado<\/td>\n<\/tr>\n<tr class=\"textotabla\">\n<td class=\"textotabla\" height=\"26\">2008<\/td>\n<td class=\"textotabla\" height=\"26\">Reparcelaci\u00f3n U.E. 17<\/td>\n<td class=\"textotabla\" height=\"26\">Valverde del Camino<\/td>\n<td class=\"textotabla\" height=\"26\">Ayuntamiento de Valverde<\/td>\n<\/tr>\n<tr class=\"textotabla\">\n<td colspan=\"4\" height=\"30\">\n<h2>Urbanizaci\u00f3n<\/h2>\n<\/td>\n<\/tr>\n<tr class=\"textotabla\">\n<td class=\"textotabla\" height=\"26\">2003<\/td>\n<td class=\"textotabla\" height=\"26\">Proyecto Urbanizaci\u00f3n UE-6<\/td>\n<td class=\"textotabla\" height=\"26\">Lucena del Puerto<\/td>\n<td class=\"textotabla\" height=\"26\">Promotor privado<\/td>\n<\/tr>\n<tr class=\"textotabla\">\n<td class=\"textotabla\" height=\"26\">2004<\/td>\n<td class=\"textotabla\" height=\"26\">Proyecto Urbanizaci\u00f3n ED1<\/td>\n<td class=\"textotabla\" height=\"26\">Villablanca<\/td>\n<td class=\"textotabla\" height=\"26\">Promotor privado<\/td>\n<\/tr>\n<tr class=\"textotabla\">\n<td class=\"textotabla\" height=\"26\">2005<\/td>\n<td class=\"textotabla\" height=\"26\">Proyecto Urbanizaci\u00f3n UE 25.5<\/td>\n<td class=\"textotabla\" height=\"26\">Huelva<\/td>\n<td class=\"textotabla\" height=\"26\">Promotor privado<\/td>\n<\/tr>\n<tr class=\"textotabla\">\n<td class=\"textotabla\" height=\"26\">2005<\/td>\n<td class=\"textotabla\" height=\"26\">Proyecto Urbanizaci\u00f3n SAPU 4-B2<\/td>\n<td class=\"textotabla\" height=\"26\">Ayamonte<\/td>\n<td class=\"textotabla\" height=\"26\">Promotor privado<\/td>\n<\/tr>\n<tr class=\"textotabla\">\n<td class=\"textotabla\" height=\"26\">2006<\/td>\n<td class=\"textotabladestacado\" height=\"26\">Proyecto Urbanizaci\u00f3n SA-33<\/td>\n<td class=\"textotabla\" height=\"26\">Almonte<\/td>\n<td class=\"textotabla\" height=\"26\">Promotor privado<\/td>\n<\/tr>\n<tr class=\"textotabla\">\n<td class=\"textotabla\" height=\"26\">2007<\/td>\n<td class=\"textotabla\" height=\"26\">Proyecto Urbanizaci\u00f3n SA-22<\/td>\n<td class=\"textotabla\" height=\"26\">Almonte<\/td>\n<td class=\"textotabla\" height=\"26\">Promotor privado<\/td>\n<\/tr>\n<tr class=\"textotabla\">\n<td class=\"textotabla\" height=\"26\">2007<\/td>\n<td class=\"textotabla\" height=\"26\">Proyecto Urbanizaci\u00f3n UE-13<\/td>\n<td class=\"textotabla\" height=\"26\">Lucena del Puerto<\/td>\n<td class=\"textotabla\" height=\"26\">Promotor privado<\/td>\n<\/tr>\n<tr class=\"textotabla\">\n<td class=\"textotabla\" height=\"26\">2007<\/td>\n<td class=\"textotabladestacado\" height=\"26\">Proyecto Urbanizaci\u00f3n ED-2<\/td>\n<td class=\"textotabla\" height=\"26\">Punta Umbr\u00eda<\/td>\n<td class=\"textotabla\" height=\"26\">Promotor privado<\/td>\n<\/tr>\n<tr class=\"textotabla\">\n<td class=\"textotabla\" height=\"26\">2008<\/td>\n<td class=\"textotabla\" height=\"26\">Proyecto Urbanizaci\u00f3n UE-17<\/td>\n<td class=\"textotabla\" height=\"26\">Valverde del Camino<\/td>\n<td class=\"textotabla\" height=\"26\">Ayuntamiento de Valverde<\/td>\n<\/tr>\n<tr class=\"textotabla\">\n<td class=\"textotabla\" height=\"26\">2008<\/td>\n<td class=\"textotabladestacado\" height=\"26\">Proyecto U. Remodelaci\u00f3n Espacio P\u00fablico<\/td>\n<td class=\"textotabla\" height=\"26\">Los Marines<\/td>\n<td class=\"textotabla\" height=\"26\">Ayuntamiento de Los Marines<\/td>\n<\/tr>\n<tr class=\"textotabla\">\n<td class=\"textotabla\" height=\"26\">2016<\/td>\n<td class=\"textotabla\" height=\"26\">Proyecto Urbanizaci\u00f3n Fase 1 .UE-2<\/td>\n<td class=\"textotabla\" height=\"26\">Santa Ana<\/td>\n<td class=\"textotabla\" height=\"26\">Promotor privado<\/td>\n<\/tr>\n<tr class=\"textotabla\">\n<td class=\"textotabla\" height=\"26\">2018<\/td>\n<td class=\"textotabla\" height=\"26\">Proyecto Urbanizaci\u00f3n Polisur<\/td>\n<td class=\"textotabla\" height=\"26\">Lepe<\/td>\n<td class=\"textotabla\" height=\"26\">Promotor privado<\/td>\n<\/tr>\n<\/tbody>\n<\/table>\t\t\t\t\t<\/div>\n\t\t\t\t\t\t<\/div>\n\t\t\t\t<\/div>\n\t\t\t\t\t\t<\/div>\n\t\t\t\t\t<\/div>\n\t\t<\/div>\n\t\t\t\t\t\t\t\t<\/div>\n\t\t\t\t\t<\/div>\n\t\t<\/section>\n\t\t\t\t<section class=\"elementor-section elementor-top-section elementor-element elementor-element-4dc00b89 elementor-section-boxed elementor-section-height-default elementor-section-height-default\" data-id=\"4dc00b89\" data-element_type=\"section\">\n\t\t\t\t\t\t<div class=\"elementor-container elementor-column-gap-default\">\n\t\t\t\t\t\t\t<div class=\"elementor-row\">\n\t\t\t\t\t<div class=\"elementor-column elementor-col-100 elementor-top-column elementor-element elementor-element-32d4dab\" data-id=\"32d4dab\" data-element_type=\"column\">\n\t\t\t<div class=\"elementor-column-wrap elementor-element-populated\">\n\t\t\t\t\t\t\t<div class=\"elementor-widget-wrap\">\n\t\t\t\t\t\t<div class=\"elementor-element elementor-element-7b5c7ccf elementor-widget elementor-widget-spacer\" data-id=\"7b5c7ccf\" data-element_type=\"widget\" data-widget_type=\"spacer.default\">\n\t\t\t\t<div class=\"elementor-widget-container\">\n\t\t\t\t\t<div class=\"elementor-spacer\">\n\t\t\t<div class=\"elementor-spacer-inner\"><\/div>\n\t\t<\/div>\n\t\t\t\t<\/div>\n\t\t\t\t<\/div>\n\t\t\t\t\t\t<\/div>\n\t\t\t\t\t<\/div>\n\t\t<\/div>\n\t\t\t\t\t\t\t\t<\/div>\n\t\t\t\t\t<\/div>\n\t\t<\/section>\n\t\t\t\t<section class=\"elementor-section elementor-top-section elementor-element elementor-element-6fc88497 elementor-section-boxed elementor-section-height-default elementor-section-height-default\" data-id=\"6fc88497\" data-element_type=\"section\">\n\t\t\t\t\t\t<div class=\"elementor-container elementor-column-gap-default\">\n\t\t\t\t\t\t\t<div class=\"elementor-row\">\n\t\t\t\t\t<div class=\"elementor-column elementor-col-100 elementor-top-column elementor-element elementor-element-15b5cd8b\" data-id=\"15b5cd8b\" data-element_type=\"column\">\n\t\t\t<div class=\"elementor-column-wrap\">\n\t\t\t\t\t\t\t<div class=\"elementor-widget-wrap\">\n\t\t\t\t\t\t\t\t<\/div>\n\t\t\t\t\t<\/div>\n\t\t<\/div>\n\t\t\t\t\t\t\t\t<\/div>\n\t\t\t\t\t<\/div>\n\t\t<\/section>\n\t\t\t\t\t\t<\/div>\n\t\t\t\t\t\t<\/div>\n\t\t\t\t\t<\/div>\n\t\t","protected":false},"excerpt":{"rendered":"<p>A\u00f1o Denominaci\u00f3n trabajo Situaci\u00f3n Organismo contrataci\u00f3n Planeamiento general 2006 PGOU Alosno y Tharsis Alosno Ayuntamiento de Alosno 2009 PGOU Cala\u00f1as Cala\u00f1as Ayuntamiento de Cala\u00f1as 2011 PGOU Fuenteheridos Fuenteheridos Ayuntamiento de Fuenteheridos 2012 PGOU Al\u00e1jar Al\u00e1jar Ayuntamiento de Al\u00e1jar 2013 PGOU de La Granada de Riotinto Fuenteheridos Ayto. de La Granada de Riotinto Modificaciones de planeamiento&#8230;<\/p>\n","protected":false},"author":1,"featured_media":0,"parent":0,"menu_order":0,"comment_status":"closed","ping_status":"closed","template":"template-page_builder.php","meta":[],"_links":{"self":[{"href":"https:\/\/www.arquigenia.com\/index.php\/wp-json\/wp\/v2\/pages\/2236"}],"collection":[{"href":"https:\/\/www.arquigenia.com\/index.php\/wp-json\/wp\/v2\/pages"}],"about":[{"href":"https:\/\/www.arquigenia.com\/index.php\/wp-json\/wp\/v2\/types\/page"}],"author":[{"embeddable":true,"href":"https:\/\/www.arquigenia.com\/index.php\/wp-json\/wp\/v2\/users\/1"}],"replies":[{"embeddable":true,"href":"https:\/\/www.arquigenia.com\/index.php\/wp-json\/wp\/v2\/comments?post=2236"}],"version-history":[{"count":9,"href":"https:\/\/www.arquigenia.com\/index.php\/wp-json\/wp\/v2\/pages\/2236\/revisions"}],"predecessor-version":[{"id":2263,"href":"https:\/\/www.arquigenia.com\/index.php\/wp-json\/wp\/v2\/pages\/2236\/revisions\/2263"}],"wp:attachment":[{"href":"https:\/\/www.arquigenia.com\/index.php\/wp-json\/wp\/v2\/media?parent=2236"}],"curies":[{"name":"wp","href":"https:\/\/api.w.org\/{rel}","templated":true}]}}