{"id":2209,"date":"2019-04-30T11:05:11","date_gmt":"2019-04-30T09:05:11","guid":{"rendered":"http:\/\/www.arquigenia.com\/?page_id=2209"},"modified":"2021-06-24T21:47:53","modified_gmt":"2021-06-24T19:47:53","slug":"interiorismo","status":"publish","type":"page","link":"https:\/\/www.arquigenia.com\/index.php\/interiorismo\/","title":{"rendered":"Interiorismo"},"content":{"rendered":"\t\t<div data-elementor-type=\"wp-post\" data-elementor-id=\"2209\" class=\"elementor elementor-2209\" data-elementor-settings=\"[]\">\n\t\t\t\t\t\t<div class=\"elementor-inner\">\n\t\t\t\t\t\t\t<div class=\"elementor-section-wrap\">\n\t\t\t\t\t\t\t<section class=\"elementor-section elementor-top-section elementor-element elementor-element-34c773dd elementor-section-boxed elementor-section-height-default elementor-section-height-default\" data-id=\"34c773dd\" data-element_type=\"section\">\n\t\t\t\t\t\t<div class=\"elementor-container elementor-column-gap-default\">\n\t\t\t\t\t\t\t<div class=\"elementor-row\">\n\t\t\t\t\t<div class=\"elementor-column elementor-col-100 elementor-top-column elementor-element elementor-element-4bd69c2b\" data-id=\"4bd69c2b\" data-element_type=\"column\">\n\t\t\t<div class=\"elementor-column-wrap elementor-element-populated\">\n\t\t\t\t\t\t\t<div class=\"elementor-widget-wrap\">\n\t\t\t\t\t\t<div class=\"elementor-element elementor-element-49e82f6c elementor-widget elementor-widget-spacer\" data-id=\"49e82f6c\" data-element_type=\"widget\" data-widget_type=\"spacer.default\">\n\t\t\t\t<div class=\"elementor-widget-container\">\n\t\t\t\t\t<div class=\"elementor-spacer\">\n\t\t\t<div class=\"elementor-spacer-inner\"><\/div>\n\t\t<\/div>\n\t\t\t\t<\/div>\n\t\t\t\t<\/div>\n\t\t\t\t<div class=\"elementor-element elementor-element-411b10c5 elementor-widget elementor-widget-text-editor\" data-id=\"411b10c5\" data-element_type=\"widget\" data-widget_type=\"text-editor.default\">\n\t\t\t\t<div class=\"elementor-widget-container\">\n\t\t\t\t\t\t\t\t<div class=\"elementor-text-editor elementor-clearfix\">\n\t\t\t\t\t<table border=\"0\" width=\"554\" cellspacing=\"0\" cellpadding=\"2\"><tbody><tr class=\"tablanegrita\"><td width=\"63\" height=\"30\"><h5><span class=\"textotabla\">A\u00f1o<\/span><\/h5><\/td><td width=\"251\" height=\"30\"><h5><span class=\"textotabla\">Denominaci\u00f3n trabajo<\/span><\/h5><\/td><td width=\"93\" height=\"30\"><h5><span class=\"textotabla\">Situaci\u00f3n<\/span><\/h5><\/td><td width=\"131\" height=\"30\"><h5><span class=\"textotabla\">Organismo contrataci\u00f3n<\/span><\/h5><\/td><\/tr><tr><td height=\"28\"><span class=\"textotabla\">2001-2011<\/span><\/td><td height=\"28\"><span class=\"textotabladestacado\">Rehabilitaciones y viviendas varias<\/span><\/td><td height=\"28\"><span class=\"textotabla\">Huelva<\/span><\/td><td height=\"28\"><span class=\"textotabla\">Promotores privados<\/span><\/td><\/tr><tr><td height=\"28\"><span class=\"textotabla\">2003<\/span><\/td><td height=\"28\"><span class=\"textotabladestacado\">Local para comercio calle Berdig\u00f3n, 30<\/span><\/td><td height=\"28\"><span class=\"textotabla\">Huelva<\/span><\/td><td height=\"28\"><span class=\"textotabla\">Garma<\/span><\/td><\/tr><tr><td height=\"28\"><span class=\"textotabla\">2004<\/span><\/td><td height=\"28\"><span class=\"textotabla\">Local para punto de venta Vodafone<\/span><\/td><td height=\"28\"><span class=\"textotabla\">Huelva<\/span><\/td><td height=\"28\"><span class=\"textotabla\">Inforfon PC<\/span><\/td><\/tr><tr><td height=\"28\"><span class=\"textotabla\">2013<\/span><\/td><td class=\"textotabladestacado\" height=\"28\">Oficina Berg\u00e9 Mar\u00edtima<\/td><td height=\"28\"><span class=\"textotabla\">Huelva<\/span><\/td><td height=\"28\"><span class=\"textotabla\">Berg\u00e9 Mar\u00edtima<\/span><\/td><\/tr><tr><td height=\"28\"><span class=\"textotabla\">2013<\/span><\/td><td height=\"28\"><span class=\"textotabla\">Oficina Tragsatec<\/span><\/td><td height=\"28\"><span class=\"textotabla\">Huelva<\/span><\/td><td height=\"28\"><span class=\"textotabla\">Tragsatec<\/span><\/td><\/tr><tr><td height=\"28\"><span class=\"textotabla\">2014<\/span><\/td><td height=\"28\"><span class=\"textotabla\">Oficina Congrasur<\/span><\/td><td height=\"28\"><span class=\"textotabla\">Huelva<\/span><\/td><td height=\"28\"><span class=\"textotabla\">Congrasur<\/span><\/td><\/tr><tr><td height=\"28\"><span class=\"textotabla\">2016<\/span><\/td><td height=\"28\"><span class=\"textotabladestacado\">Bar Metropolitan <\/span><\/td><td height=\"28\"><span class=\"textotabla\">Huelva<\/span><\/td><td height=\"28\"><span class=\"textotabla\">Promotor privado<\/span><\/td><\/tr><tr><td height=\"28\"><span class=\"textotabla\">2017<\/span><\/td><td height=\"28\"><span class=\"textotabla\">Varias oficinas<\/span><\/td><td height=\"28\"><span class=\"textotabla\">Huelva-Puerto<\/span><\/td><td height=\"28\"><span class=\"textotabla\">Berg\u00e9 Mar\u00edtima<\/span><\/td><\/tr><tr><td height=\"28\"><span class=\"textotabla\">2018<\/span><\/td><td height=\"28\"><span class=\"textotabladestacado\">Varias oficinas<\/span><\/td><td height=\"28\"><span class=\"textotabla\">Huelva<\/span><\/td><td height=\"28\"><span class=\"textotabla\">Promotor privado<\/span><\/td><\/tr><\/tbody><\/table>\t\t\t\t\t<\/div>\n\t\t\t\t\t\t<\/div>\n\t\t\t\t<\/div>\n\t\t\t\t\t\t<\/div>\n\t\t\t\t\t<\/div>\n\t\t<\/div>\n\t\t\t\t\t\t\t\t<\/div>\n\t\t\t\t\t<\/div>\n\t\t<\/section>\n\t\t\t\t<section class=\"elementor-section elementor-top-section elementor-element elementor-element-4f7d287 elementor-section-boxed elementor-section-height-default elementor-section-height-default\" data-id=\"4f7d287\" data-element_type=\"section\">\n\t\t\t\t\t\t<div class=\"elementor-container elementor-column-gap-default\">\n\t\t\t\t\t\t\t<div class=\"elementor-row\">\n\t\t\t\t\t<div class=\"elementor-column elementor-col-100 elementor-top-column elementor-element elementor-element-acebca1\" data-id=\"acebca1\" data-element_type=\"column\">\n\t\t\t<div class=\"elementor-column-wrap elementor-element-populated\">\n\t\t\t\t\t\t\t<div class=\"elementor-widget-wrap\">\n\t\t\t\t\t\t<div class=\"elementor-element elementor-element-9a166af elementor-widget elementor-widget-spacer\" data-id=\"9a166af\" data-element_type=\"widget\" data-widget_type=\"spacer.default\">\n\t\t\t\t<div class=\"elementor-widget-container\">\n\t\t\t\t\t<div class=\"elementor-spacer\">\n\t\t\t<div class=\"elementor-spacer-inner\"><\/div>\n\t\t<\/div>\n\t\t\t\t<\/div>\n\t\t\t\t<\/div>\n\t\t\t\t\t\t<\/div>\n\t\t\t\t\t<\/div>\n\t\t<\/div>\n\t\t\t\t\t\t\t\t<\/div>\n\t\t\t\t\t<\/div>\n\t\t<\/section>\n\t\t\t\t\t\t<\/div>\n\t\t\t\t\t\t<\/div>\n\t\t\t\t\t<\/div>\n\t\t","protected":false},"excerpt":{"rendered":"<p>A\u00f1o Denominaci\u00f3n trabajo Situaci\u00f3n Organismo contrataci\u00f3n 2001-2011 Rehabilitaciones y viviendas varias Huelva Promotores privados 2003 Local para comercio calle Berdig\u00f3n, 30 Huelva Garma 2004 Local para punto de venta Vodafone Huelva Inforfon PC 2013 Oficina Berg\u00e9 Mar\u00edtima Huelva Berg\u00e9 Mar\u00edtima 2013 Oficina Tragsatec Huelva Tragsatec 2014 Oficina Congrasur Huelva Congrasur 2016 Bar Metropolitan Huelva Promotor&#8230;<\/p>\n","protected":false},"author":1,"featured_media":0,"parent":0,"menu_order":0,"comment_status":"closed","ping_status":"closed","template":"template-page_builder.php","meta":[],"_links":{"self":[{"href":"https:\/\/www.arquigenia.com\/index.php\/wp-json\/wp\/v2\/pages\/2209"}],"collection":[{"href":"https:\/\/www.arquigenia.com\/index.php\/wp-json\/wp\/v2\/pages"}],"about":[{"href":"https:\/\/www.arquigenia.com\/index.php\/wp-json\/wp\/v2\/types\/page"}],"author":[{"embeddable":true,"href":"https:\/\/www.arquigenia.com\/index.php\/wp-json\/wp\/v2\/users\/1"}],"replies":[{"embeddable":true,"href":"https:\/\/www.arquigenia.com\/index.php\/wp-json\/wp\/v2\/comments?post=2209"}],"version-history":[{"count":8,"href":"https:\/\/www.arquigenia.com\/index.php\/wp-json\/wp\/v2\/pages\/2209\/revisions"}],"predecessor-version":[{"id":3238,"href":"https:\/\/www.arquigenia.com\/index.php\/wp-json\/wp\/v2\/pages\/2209\/revisions\/3238"}],"wp:attachment":[{"href":"https:\/\/www.arquigenia.com\/index.php\/wp-json\/wp\/v2\/media?parent=2209"}],"curies":[{"name":"wp","href":"https:\/\/api.w.org\/{rel}","templated":true}]}}