{"id":2171,"date":"2019-04-30T10:19:14","date_gmt":"2019-04-30T08:19:14","guid":{"rendered":"http:\/\/www.arquigenia.com\/?page_id=2171"},"modified":"2021-07-08T09:14:48","modified_gmt":"2021-07-08T07:14:48","slug":"obra-privada","status":"publish","type":"page","link":"https:\/\/www.arquigenia.com\/index.php\/obra-privada\/","title":{"rendered":"Obra privada"},"content":{"rendered":"\t\t<div data-elementor-type=\"wp-post\" data-elementor-id=\"2171\" class=\"elementor elementor-2171\" data-elementor-settings=\"[]\">\n\t\t\t\t\t\t<div class=\"elementor-inner\">\n\t\t\t\t\t\t\t<div class=\"elementor-section-wrap\">\n\t\t\t\t\t\t\t<section class=\"elementor-section elementor-top-section elementor-element elementor-element-b5bd998 elementor-section-boxed elementor-section-height-default elementor-section-height-default\" data-id=\"b5bd998\" data-element_type=\"section\">\n\t\t\t\t\t\t<div class=\"elementor-container elementor-column-gap-default\">\n\t\t\t\t\t\t\t<div class=\"elementor-row\">\n\t\t\t\t\t<div class=\"elementor-column elementor-col-100 elementor-top-column elementor-element elementor-element-acbbedf\" data-id=\"acbbedf\" data-element_type=\"column\">\n\t\t\t<div class=\"elementor-column-wrap elementor-element-populated\">\n\t\t\t\t\t\t\t<div class=\"elementor-widget-wrap\">\n\t\t\t\t\t\t<div class=\"elementor-element elementor-element-7eacc3d elementor-widget elementor-widget-spacer\" data-id=\"7eacc3d\" data-element_type=\"widget\" data-widget_type=\"spacer.default\">\n\t\t\t\t<div class=\"elementor-widget-container\">\n\t\t\t\t\t<div class=\"elementor-spacer\">\n\t\t\t<div class=\"elementor-spacer-inner\"><\/div>\n\t\t<\/div>\n\t\t\t\t<\/div>\n\t\t\t\t<\/div>\n\t\t\t\t<div class=\"elementor-element elementor-element-b9bb1ad elementor-widget elementor-widget-text-editor\" data-id=\"b9bb1ad\" data-element_type=\"widget\" data-widget_type=\"text-editor.default\">\n\t\t\t\t<div class=\"elementor-widget-container\">\n\t\t\t\t\t\t\t\t<div class=\"elementor-text-editor elementor-clearfix\">\n\t\t\t\t\t<table style=\"line-height: 1.5;\" border=\"0\" width=\"576\" cellspacing=\"0\" cellpadding=\"2\"><tbody><tr class=\"tablanegrita\"><td width=\"64\"><h5><span class=\"textotabla\">A\u00f1o<\/span><\/h5><\/td><td width=\"259\"><h5><span class=\"textotabla\">Denominaci\u00f3n trabajo<\/span><\/h5><\/td><td width=\"110\"><h5><span class=\"textotabla\">Situaci\u00f3n<\/span><\/h5><\/td><td width=\"127\"><h5><span class=\"textotabla\">Organismo contrataci\u00f3n<\/span><\/h5><\/td><\/tr><tr><td height=\"26\"><span class=\"textotabla\">2002-2011<\/span><\/td><td><span class=\"textotabladestacado\">523 Viviendas en edif. plurifamiliares<\/span><\/td><td><span class=\"textotabla\">Provincia de Huelva<\/span><\/td><td><span class=\"textotabla\">Diferentes promotoras<\/span><\/td><\/tr><tr><td class=\"textotabla\" height=\"26\">2002-2011<\/td><td class=\"textotabladestacado\">106 Viviendas unifamiliares<\/td><td class=\"textotabla\">Provincia de Huelva<\/td><td><span class=\"textotabla\">Diferentes promotoras<\/span><\/td><\/tr><tr><td height=\"24\"><span class=\"textotabla\">2002-2011<\/span><\/td><td><span class=\"textotabla\">15 demoliciones de edificaciones<\/span><\/td><td><span class=\"textotabla\">Provincia de Huelva<\/span><\/td><td><span class=\"textotabla\">Diferentes promotoras<\/span><\/td><\/tr><tr><td height=\"24\"><span class=\"textotabla\">2006<\/span><\/td><td><span class=\"textotabladestacado\">Naves industriales<\/span><\/td><td><span class=\"textotabla\">Huelva<\/span><\/td><td><span class=\"textotabla\">Fripesa<\/span><\/td><\/tr><tr><td height=\"24\"><span class=\"textotabla\">2007<\/span><\/td><td><span class=\"textotabla\">Hotel-Spa C.A.R. Deportivo<\/span><\/td><td><span class=\"textotabla\">Matalasca\u00f1as<\/span><\/td><td><span class=\"textotabla\">Atlantic Do\u00f1ana<\/span><\/td><\/tr><tr><td class=\"textotabla\" height=\"29\">2007<\/td><td><span class=\"textotabla\">210 Apartamentos tur\u00edsticos<\/span><\/td><td class=\"textotabla\">Punta Umbr\u00eda<\/td><td class=\"textotabla\">UTE Griconsa<\/td><\/tr><tr><td height=\"26\"><span class=\"textotabla\">2007<\/span><\/td><td><span class=\"textotabla\">32 Apartamentos tur\u00edsticos<\/span><\/td><td><span class=\"textotabla\">Sanl\u00facar Guadiana<\/span><\/td><td><span class=\"textotabla\">Predio Portil<\/span><\/td><\/tr><tr><td height=\"23\"><span class=\"textotabla\">2008<\/span><\/td><td><span class=\"textotabladestacado\">10 Apartamentos tur\u00edsticos<\/span><\/td><td><span class=\"textotabla\">Sanl\u00facar Guadiana<\/span><\/td><td><span class=\"textotabla\">Predio Portil<\/span><\/td><\/tr><tr class=\"textotabla\"><td class=\"textotabla\" height=\"21\">2008<\/td><td class=\"textotabla\">22 VPO<\/td><td class=\"textotabla\">Almonte<\/td><td class=\"textotabla\">Atlantic Do\u00f1ana<\/td><\/tr><tr><td class=\"textotabla\" height=\"27\">2008<\/td><td class=\"textotabladestacado\"><a href=\"https:\/\/www.arquigenia.com\/index.php\/portfolio\/centro-comercial-ayamonte\/\"><span style=\"color: #33cccc;\">Centro Comercial \u201cArena\u201d<\/span><\/a><\/td><td class=\"textotabla\">Ayamonte<\/td><td class=\"textotabla\">Tercona<\/td><\/tr><tr><td><span class=\"textotabla\">2008<\/span><\/td><td><span class=\"textotabladestacado\">Sede Intersport<\/span><\/td><td><span class=\"textotabla\">Huelva<\/span><\/td><td><span class=\"textotabla\">Intersport<\/span><\/td><\/tr><tr><td height=\"33\"><span class=\"textotabla\">2008-2011<\/span><\/td><td><span style=\"color: #33cccc;\"><a style=\"color: #33cccc;\" href=\"http:\/\/www.arquigenia.com\/index.php\/portfolio\/seniorresort\/\"><span class=\"textotabladestacado\">Senior Resort<\/span><\/a><\/span><\/td><td><span class=\"textotabla\">Ayamonte<\/span><\/td><td><span class=\"textotabla\">Tercona<\/span><\/td><\/tr><tr><td height=\"25\"><span class=\"textotabla\">2008<\/span><\/td><td><span class=\"textotabla\">Residencia tercera edad<\/span><\/td><td><span class=\"textotabla\">Almonte<\/span><\/td><td><span class=\"textotabla\">Atlantic Do\u00f1ana<\/span><\/td><\/tr><tr><td height=\"30\"><span class=\"textotabla\">2010<\/span><\/td><td><span class=\"textotabla\">Oficina en planta de abrasivos<\/span><\/td><td><span class=\"textotabla\">Huelva<\/span><\/td><td><span class=\"textotabla\">Atlantic Copper<\/span><\/td><\/tr><tr class=\"textotabla\"><td class=\"textotabla\" height=\"28\">2011<\/td><td class=\"textotabla\">Guarder\u00eda<\/td><td class=\"textotabla\">Trigueros<\/td><td class=\"textotabla\">Ajaigo Guarder\u00edas<\/td><\/tr><tr><td height=\"28\"><span class=\"textotabla\">2012<\/span><\/td><td height=\"28\"><span class=\"textotabladestacado\">40 Viviendas unifamiliares, garaje y anexos.<\/span><\/td><td height=\"28\"><span class=\"textotabla\">Provincia de Huelva<\/span><\/td><td height=\"28\"><span class=\"textotabla\">GTE (Banco Pastor)<\/span><\/td><\/tr><tr><td height=\"29\"><span class=\"textotabla\">2014<\/span><\/td><td><span style=\"color: #33cccc;\"><a style=\"color: #33cccc;\" href=\"http:\/\/www.arquigenia.com\/index.php\/portfolio\/la-monacilla\/\"><span class=\"textotabladestacado\">4 Viviendas unifamiliares aisladas.<\/span><\/a><\/span><\/td><td><span class=\"textotabla\" style=\"color: #808080;\">Provincia de Huelva<\/span><\/td><td><span class=\"textotabla\">Diferentes promotoras<\/span><\/td><\/tr><tr><td class=\"textotabla\" height=\"29\"><span class=\"textotabla\">2016<\/span><\/td><td><span class=\"textotabladestacado\">Hotel 4* El Ranchito Do\u00f1ana 448 plazas.<\/span><\/td><td class=\"textotabla\">El Roc\u00edo, Huelva<\/td><td class=\"textotabla\">Promotor privado<\/td><\/tr><tr><td class=\"textotabla\" height=\"29\"><span class=\"textotabla\">2017<\/span><\/td><td><a href=\"http:\/\/www.arquigenia.com\/index.php\/portfolio\/pelicano\/\"><span class=\"textotabladestacado\" style=\"color: #33cccc;\">Viviendas unifamiliares<\/span><\/a><\/td><td class=\"textotabla\">Provincia de Huelva<\/td><td class=\"textotabla\">Promotor privado<\/td><\/tr><tr><td class=\"textotabla\" height=\"29\"><span class=\"textotabla\">2017<\/span><\/td><td><a href=\"https:\/\/www.arquigenia.com\/index.php\/portfolio\/hospital-los-naranjos\/\"><span class=\"textotabladestacado\" style=\"color: #33cccc;\">Nuevo hospital Los Naranjos<\/span><\/a><\/td><td class=\"textotabla\">Huelva<\/td><td class=\"textotabla\">Asisa<\/td><\/tr><tr><td class=\"textotabla\" height=\"29\"><span class=\"textotabla\">2018<\/span><\/td><td><span style=\"color: #808080;\"><span class=\"textotabla\">Terminal de descarga y almacenamiento Puerto de Huelva<\/span><\/span><\/td><td class=\"textotabla\">Huelva<\/td><td class=\"textotabla\">Sacyr Industrial<\/td><\/tr><tr><td class=\"textotabla\" height=\"29\"><span class=\"textotabla\">2019<\/span><\/td><td><span style=\"color: #33cccc;\"><a style=\"color: #33cccc;\" href=\"https:\/\/www.arquigenia.com\/index.php\/portfolio\/el-puerto-buque-escuela-esmeralda\/\"><span class=\"textotabla\">54 Viviendas Vistahermosa<\/span><\/a><\/span><\/td><td class=\"textotabla\">El Puerto de Santa Mar\u00eda<\/td><td class=\"textotabla\">Fidere<\/td><\/tr><tr><td class=\"textotabla\" height=\"29\"><span class=\"textotabla\">2020<\/span><\/td><td><span style=\"color: #808080;\"><span class=\"textotabla\">123 viviendas Benalm\u00e1dena<\/span><\/span><\/td><td class=\"textotabla\">Benalm\u00e1dena<\/td><td class=\"textotabla\">Aliseda<\/td><\/tr><tr><td class=\"textotabla\" height=\"29\"><span class=\"textotabla\">2020<\/span><\/td><td><a href=\"https:\/\/www.arquigenia.com\/index.php\/portfolio\/13-viviendas-calahonda\/\"><span style=\"color: #33cccc;\"><span class=\"textotabla\">13 viviendas en bloques. Calahonda<\/span><\/span><\/a><\/td><td class=\"textotabla\">Mijas<\/td><td class=\"textotabla\">Aliseda<\/td><\/tr><tr><td class=\"textotabla\" height=\"29\"><span class=\"textotabla\">2021<\/span><\/td><td><span style=\"color: #808080;\"><span class=\"textotabla\">60 viviendas aisladas. Urbanizaci\u00f3n Majestic<\/span><\/span><\/td><td class=\"textotabla\">Casares<\/td><td class=\"textotabla\">Aliseda<\/td><\/tr><\/tbody><\/table>\t\t\t\t\t<\/div>\n\t\t\t\t\t\t<\/div>\n\t\t\t\t<\/div>\n\t\t\t\t\t\t<\/div>\n\t\t\t\t\t<\/div>\n\t\t<\/div>\n\t\t\t\t\t\t\t\t<\/div>\n\t\t\t\t\t<\/div>\n\t\t<\/section>\n\t\t\t\t<section class=\"elementor-section elementor-top-section elementor-element elementor-element-5eaed0d elementor-section-boxed elementor-section-height-default elementor-section-height-default\" data-id=\"5eaed0d\" data-element_type=\"section\">\n\t\t\t\t\t\t<div class=\"elementor-container elementor-column-gap-default\">\n\t\t\t\t\t\t\t<div class=\"elementor-row\">\n\t\t\t\t\t<div class=\"elementor-column elementor-col-100 elementor-top-column elementor-element elementor-element-bc5392f\" data-id=\"bc5392f\" data-element_type=\"column\">\n\t\t\t<div class=\"elementor-column-wrap elementor-element-populated\">\n\t\t\t\t\t\t\t<div class=\"elementor-widget-wrap\">\n\t\t\t\t\t\t<div class=\"elementor-element elementor-element-f2bb51a elementor-widget elementor-widget-spacer\" data-id=\"f2bb51a\" data-element_type=\"widget\" data-widget_type=\"spacer.default\">\n\t\t\t\t<div class=\"elementor-widget-container\">\n\t\t\t\t\t<div class=\"elementor-spacer\">\n\t\t\t<div class=\"elementor-spacer-inner\"><\/div>\n\t\t<\/div>\n\t\t\t\t<\/div>\n\t\t\t\t<\/div>\n\t\t\t\t\t\t<\/div>\n\t\t\t\t\t<\/div>\n\t\t<\/div>\n\t\t\t\t\t\t\t\t<\/div>\n\t\t\t\t\t<\/div>\n\t\t<\/section>\n\t\t\t\t<section class=\"elementor-section elementor-top-section elementor-element elementor-element-9cfaf67 elementor-section-boxed elementor-section-height-default elementor-section-height-default\" data-id=\"9cfaf67\" data-element_type=\"section\">\n\t\t\t\t\t\t<div class=\"elementor-container elementor-column-gap-default\">\n\t\t\t\t\t\t\t<div class=\"elementor-row\">\n\t\t\t\t\t<div class=\"elementor-column elementor-col-100 elementor-top-column elementor-element elementor-element-e1d2d24\" data-id=\"e1d2d24\" data-element_type=\"column\">\n\t\t\t<div class=\"elementor-column-wrap elementor-element-populated\">\n\t\t\t\t\t\t\t<div class=\"elementor-widget-wrap\">\n\t\t\t\t\t\t<div class=\"elementor-element elementor-element-0337012 elementor-arrows-position-inside elementor-pagination-position-outside elementor-widget elementor-widget-image-carousel\" data-id=\"0337012\" data-element_type=\"widget\" data-settings=\"{&quot;navigation&quot;:&quot;both&quot;,&quot;autoplay&quot;:&quot;yes&quot;,&quot;pause_on_hover&quot;:&quot;yes&quot;,&quot;pause_on_interaction&quot;:&quot;yes&quot;,&quot;autoplay_speed&quot;:5000,&quot;infinite&quot;:&quot;yes&quot;,&quot;speed&quot;:500}\" data-widget_type=\"image-carousel.default\">\n\t\t\t\t<div class=\"elementor-widget-container\">\n\t\t\t\t\t<div class=\"elementor-image-carousel-wrapper swiper-container\" dir=\"ltr\">\n\t\t\t<div class=\"elementor-image-carousel swiper-wrapper\">\n\t\t\t\t<div class=\"swiper-slide\"><a data-elementor-open-lightbox=\"yes\" data-elementor-lightbox-slideshow=\"0337012\" data-elementor-lightbox-title=\"Conquero-RN_01\" href=\"https:\/\/www.arquigenia.com\/index.php\/proyectos\/\"><figure class=\"swiper-slide-inner\"><img class=\"swiper-slide-image\" src=\"https:\/\/www.arquigenia.com\/wp-content\/uploads\/2021\/06\/Conquero-RN_01-370x270.jpg\" alt=\"Vivienda El Conquero, Huelva\" \/><\/figure><\/a><\/div><div class=\"swiper-slide\"><a data-elementor-open-lightbox=\"yes\" data-elementor-lightbox-slideshow=\"0337012\" data-elementor-lightbox-title=\"Monacilla-RH_PatioTraseroPiscina(I)\" href=\"https:\/\/www.arquigenia.com\/index.php\/proyectos\/\"><figure class=\"swiper-slide-inner\"><img class=\"swiper-slide-image\" src=\"https:\/\/www.arquigenia.com\/wp-content\/uploads\/2021\/06\/Monacilla-RH_PatioTraseroPiscinaI-370x270.jpg\" alt=\"Vivienda en La Monacilla, Huelva\" \/><\/figure><\/a><\/div><div class=\"swiper-slide\"><a data-elementor-open-lightbox=\"yes\" data-elementor-lightbox-slideshow=\"0337012\" data-elementor-lightbox-title=\"Sotogrande08\" href=\"https:\/\/www.arquigenia.com\/index.php\/proyectos\/\"><figure class=\"swiper-slide-inner\"><img class=\"swiper-slide-image\" src=\"https:\/\/www.arquigenia.com\/wp-content\/uploads\/2021\/06\/Sotogrande08-370x270.jpg\" alt=\"Promoci\u00f3n Sotogrande\" \/><\/figure><\/a><\/div><div class=\"swiper-slide\"><a data-elementor-open-lightbox=\"yes\" data-elementor-lightbox-slideshow=\"0337012\" data-elementor-lightbox-title=\"ElPuerto_3779peq\" href=\"https:\/\/www.arquigenia.com\/index.php\/proyectos\/\"><figure class=\"swiper-slide-inner\"><img class=\"swiper-slide-image\" src=\"https:\/\/www.arquigenia.com\/wp-content\/uploads\/2020\/10\/ElPuerto_3779peq-370x270.jpg\" alt=\"ElPuerto_3779peq\" \/><\/figure><\/a><\/div>\t\t\t<\/div>\n\t\t\t\t\t\t\t\t\t\t\t\t<div class=\"swiper-pagination\"><\/div>\n\t\t\t\t\t\t\t\t\t\t\t\t\t<div class=\"elementor-swiper-button elementor-swiper-button-prev\">\n\t\t\t\t\t\t<i class=\"eicon-chevron-left\" aria-hidden=\"true\"><\/i>\n\t\t\t\t\t\t<span class=\"elementor-screen-only\">Anterior<\/span>\n\t\t\t\t\t<\/div>\n\t\t\t\t\t<div class=\"elementor-swiper-button elementor-swiper-button-next\">\n\t\t\t\t\t\t<i class=\"eicon-chevron-right\" aria-hidden=\"true\"><\/i>\n\t\t\t\t\t\t<span class=\"elementor-screen-only\">Siguiente<\/span>\n\t\t\t\t\t<\/div>\n\t\t\t\t\t\t\t\t\t<\/div>\n\t\t\t\t<\/div>\n\t\t\t\t<\/div>\n\t\t\t\t\t\t<\/div>\n\t\t\t\t\t<\/div>\n\t\t<\/div>\n\t\t\t\t\t\t\t\t<\/div>\n\t\t\t\t\t<\/div>\n\t\t<\/section>\n\t\t\t\t<section class=\"elementor-section elementor-top-section elementor-element elementor-element-7d0983e elementor-section-boxed elementor-section-height-default elementor-section-height-default\" data-id=\"7d0983e\" data-element_type=\"section\">\n\t\t\t\t\t\t<div class=\"elementor-container elementor-column-gap-default\">\n\t\t\t\t\t\t\t<div class=\"elementor-row\">\n\t\t\t\t\t<div class=\"elementor-column elementor-col-100 elementor-top-column elementor-element elementor-element-b6a0bda\" data-id=\"b6a0bda\" data-element_type=\"column\">\n\t\t\t<div class=\"elementor-column-wrap elementor-element-populated\">\n\t\t\t\t\t\t\t<div class=\"elementor-widget-wrap\">\n\t\t\t\t\t\t<div class=\"elementor-element elementor-element-2821030 elementor-widget elementor-widget-spacer\" data-id=\"2821030\" data-element_type=\"widget\" data-widget_type=\"spacer.default\">\n\t\t\t\t<div class=\"elementor-widget-container\">\n\t\t\t\t\t<div class=\"elementor-spacer\">\n\t\t\t<div class=\"elementor-spacer-inner\"><\/div>\n\t\t<\/div>\n\t\t\t\t<\/div>\n\t\t\t\t<\/div>\n\t\t\t\t\t\t<\/div>\n\t\t\t\t\t<\/div>\n\t\t<\/div>\n\t\t\t\t\t\t\t\t<\/div>\n\t\t\t\t\t<\/div>\n\t\t<\/section>\n\t\t\t\t\t\t<\/div>\n\t\t\t\t\t\t<\/div>\n\t\t\t\t\t<\/div>\n\t\t","protected":false},"excerpt":{"rendered":"<p>A\u00f1o Denominaci\u00f3n trabajo Situaci\u00f3n Organismo contrataci\u00f3n 2002-2011 523 Viviendas en edif. plurifamiliares Provincia de Huelva Diferentes promotoras 2002-2011 106 Viviendas unifamiliares Provincia de Huelva Diferentes promotoras 2002-2011 15 demoliciones de edificaciones Provincia de Huelva Diferentes promotoras 2006 Naves industriales Huelva Fripesa 2007 Hotel-Spa C.A.R. Deportivo Matalasca\u00f1as Atlantic Do\u00f1ana 2007 210 Apartamentos tur\u00edsticos Punta Umbr\u00eda UTE&#8230;<\/p>\n","protected":false},"author":1,"featured_media":0,"parent":0,"menu_order":0,"comment_status":"closed","ping_status":"closed","template":"template-page_builder.php","meta":[],"_links":{"self":[{"href":"https:\/\/www.arquigenia.com\/index.php\/wp-json\/wp\/v2\/pages\/2171"}],"collection":[{"href":"https:\/\/www.arquigenia.com\/index.php\/wp-json\/wp\/v2\/pages"}],"about":[{"href":"https:\/\/www.arquigenia.com\/index.php\/wp-json\/wp\/v2\/types\/page"}],"author":[{"embeddable":true,"href":"https:\/\/www.arquigenia.com\/index.php\/wp-json\/wp\/v2\/users\/1"}],"replies":[{"embeddable":true,"href":"https:\/\/www.arquigenia.com\/index.php\/wp-json\/wp\/v2\/comments?post=2171"}],"version-history":[{"count":125,"href":"https:\/\/www.arquigenia.com\/index.php\/wp-json\/wp\/v2\/pages\/2171\/revisions"}],"predecessor-version":[{"id":3515,"href":"https:\/\/www.arquigenia.com\/index.php\/wp-json\/wp\/v2\/pages\/2171\/revisions\/3515"}],"wp:attachment":[{"href":"https:\/\/www.arquigenia.com\/index.php\/wp-json\/wp\/v2\/media?parent=2171"}],"curies":[{"name":"wp","href":"https:\/\/api.w.org\/{rel}","templated":true}]}}